{"id":9676,"date":"2025-08-05T10:28:20","date_gmt":"2025-08-05T10:28:20","guid":{"rendered":"https:\/\/devprodtnk.wpenginepowered.com\/?page_id=9676"},"modified":"2025-08-19T11:58:56","modified_gmt":"2025-08-19T11:58:56","slug":"evaluation-niveau-de-maturite-ia-merci","status":"publish","type":"page","link":"https:\/\/transnumerik.com\/en\/evaluation-niveau-de-maturite-ia-merci\/","title":{"rendered":"Evaluation niveau de maturit\u00e9 IA merci"},"content":{"rendered":"\t\t<div data-elementor-type=\"wp-page\" data-elementor-id=\"9676\" class=\"elementor elementor-9676\" data-elementor-post-type=\"page\">\n\t\t\t\t<div class=\"elementor-element elementor-element-c8a6a6a e-flex e-con-boxed e-con e-parent\" data-id=\"c8a6a6a\" data-element_type=\"container\" data-e-type=\"container\" data-settings=\"{&quot;background_background&quot;:&quot;classic&quot;}\">\n\t\t\t\t\t<div class=\"e-con-inner\">\n\t\t\t\t<div class=\"elementor-element elementor-element-85e9c45 exad-sticky-section-no exad-glass-effect-no elementor-widget elementor-widget-heading\" data-id=\"85e9c45\" data-element_type=\"widget\" data-e-type=\"widget\" data-widget_type=\"heading.default\">\n\t\t\t\t<div class=\"elementor-widget-container\">\n\t\t\t\t\t<h2 class=\"elementor-heading-title elementor-size-default\">Merci pour votre participation !<\/h2>\t\t\t\t<\/div>\n\t\t\t\t<\/div>\n\t\t\t\t<div class=\"elementor-element elementor-element-6992216 exad-sticky-section-no exad-glass-effect-no elementor-widget elementor-widget-text-editor\" data-id=\"6992216\" data-element_type=\"widget\" data-e-type=\"widget\" data-widget_type=\"text-editor.default\">\n\t\t\t\t<div class=\"elementor-widget-container\">\n\t\t\t\t\t\t\t\t\t<p>Votre diagnostic de maturit\u00e9 en intelligence artificielle a \u00e9t\u00e9 enregistr\u00e9 avec succ\u00e8s.<br \/>Un rapport personnalis\u00e9 vous sera prochainement envoy\u00e9 \u00e0 l\u2019adresse email que vous avez indiqu\u00e9e.<\/p>\t\t\t\t\t\t\t\t<\/div>\n\t\t\t\t<\/div>\n\t\t\t\t\t<\/div>\n\t\t\t\t<\/div>\n\t\t<div class=\"elementor-element elementor-element-c046154 e-flex e-con-boxed elementor-invisible e-con e-parent\" data-id=\"c046154\" data-element_type=\"container\" data-e-type=\"container\" data-settings=\"{&quot;background_background&quot;:&quot;classic&quot;,&quot;animation&quot;:&quot;h-neuron-animation--slideDown&quot;}\">\n\t\t\t\t\t<div class=\"e-con-inner\">\n\t\t\t\t<div class=\"elementor-element elementor-element-c64fde5 exad-sticky-section-no exad-glass-effect-no elementor-widget elementor-widget-heading\" data-id=\"c64fde5\" data-element_type=\"widget\" data-e-type=\"widget\" data-widget_type=\"heading.default\">\n\t\t\t\t<div class=\"elementor-widget-container\">\n\t\t\t\t\t<h2 class=\"elementor-heading-title elementor-size-default\">T\u00e9moignages de clients<\/h2>\t\t\t\t<\/div>\n\t\t\t\t<\/div>\n\t\t\t\t<div class=\"elementor-element elementor-element-3be79d9 exad-sticky-section-no exad-glass-effect-no elementor-widget elementor-widget-elementskit-testimonial\" data-id=\"3be79d9\" data-element_type=\"widget\" data-e-type=\"widget\" data-widget_type=\"elementskit-testimonial.default\">\n\t\t\t\t<div class=\"elementor-widget-container\">\n\t\t\t\t\t<div class=\"ekit-wid-con\" ><div class=\"elementskit-testimonial-slider ekit-testimonia-style-4 arrow_inside \" data-config=\"{&quot;rtl&quot;:false,&quot;arrows&quot;:false,&quot;dots&quot;:false,&quot;pauseOnHover&quot;:true,&quot;autoplay&quot;:true,&quot;speed&quot;:1000,&quot;slidesPerGroup&quot;:1,&quot;slidesPerView&quot;:2,&quot;loop&quot;:false,&quot;spaceBetween&quot;:5,&quot;breakpoints&quot;:{&quot;320&quot;:{&quot;slidesPerView&quot;:&quot;1&quot;,&quot;slidesPerGroup&quot;:&quot;1&quot;,&quot;spaceBetween&quot;:10},&quot;768&quot;:{&quot;slidesPerView&quot;:&quot;2&quot;,&quot;slidesPerGroup&quot;:&quot;1&quot;,&quot;spaceBetween&quot;:10},&quot;1024&quot;:{&quot;slidesPerView&quot;:2,&quot;slidesPerGroup&quot;:1,&quot;spaceBetween&quot;:5}}}\">\n\t<div class=\"ekit-main-swiper swiper\">\n\t\t<div class=\"swiper-wrapper\">\n\t\t\t\t\t\t\t<div class=\"swiper-slide\">\n\t\t\t\t\t<div class=\"swiper-slide-inner\">\n\t\t\t\t\t\t<div class=\"elementskit-single-testimonial-slider elementskit-testimonial-slider-block-style  elementor-repeater-item-42f3647\" >\n\t\t\t\t\t\t\t<div class=\"elementskit-commentor-bio \">\n\t\t\t\t\t\t\t\t\t\t\t\t\t\t\t\t<span class=\"elementskit-profile-info\">\n\t\t\t\t\t\t\t\t\t<strong class=\"elementskit-author-name\">Andrew Hayes<\/strong>\n\t\t\t\t\t\t\t\t\t<span class=\"elementskit-author-des\"><\/span>\n\t\t\t\t\t\t\t\t<\/span>\n\t\t\t\t\t\t\t<\/div>\n\t\t\t\t\t\t\t<div class=\"elementskit-commentor-content\">\n\t\t\t\t\t\t\t\t\t\t\t\t\t\t\t\t\t\t\t\t\t\t\t\t\t<p>La diagnostic IA de maturit\u00e9 a permis de d\u00e9blayer et comprendre comment transformer notre m\u00e9tier gr\u00e2ce \u00e0 l'IA. Pas facile \u00e0 priori quand on est une PME de chauffagiste climatisation maintenance, cette synth\u00e8se permet de donner un cap !<\/p>\n\t\t\t\t\t\t\t\t\t\t\t\t\t\t\t\t\t\t\t\t\t\t\t<\/div><!-- .commentor-content END -->\n\t\t\t\t\t\t<\/div>\n\t\t\t\t\t<\/div>\n\t\t\t\t<\/div>\n\t\t\t\t\t\t\t<div class=\"swiper-slide\">\n\t\t\t\t\t<div class=\"swiper-slide-inner\">\n\t\t\t\t\t\t<div class=\"elementskit-single-testimonial-slider elementskit-testimonial-slider-block-style  elementor-repeater-item-163e2ae\" >\n\t\t\t\t\t\t\t<div class=\"elementskit-commentor-bio \">\n\t\t\t\t\t\t\t\t\t\t\t\t\t\t\t\t<span class=\"elementskit-profile-info\">\n\t\t\t\t\t\t\t\t\t<strong class=\"elementskit-author-name\">Samuel Pierce<\/strong>\n\t\t\t\t\t\t\t\t\t<span class=\"elementskit-author-des\"><\/span>\n\t\t\t\t\t\t\t\t<\/span>\n\t\t\t\t\t\t\t<\/div>\n\t\t\t\t\t\t\t<div class=\"elementskit-commentor-content\">\n\t\t\t\t\t\t\t\t\t\t\t\t\t\t\t\t\t\t\t\t\t\t\t\t\t<p>L'analyse de notre maturit\u00e9 a aboutit \u00e0 une synth\u00e8se d'\u00e9tat des lieux de notre positionnement face \u00e0 l'IA tr\u00e8s pertinente. Nous avons pu comprendre comment engagr les premi\u00e8res actions \u00e0 d\u00e9ployer pour r\u00e9ussir dans une seconde phase nos projets IA.<\/p>\n\t\t\t\t\t\t\t\t\t\t\t\t\t\t\t\t\t\t\t\t\t\t\t<\/div><!-- .commentor-content END -->\n\t\t\t\t\t\t<\/div>\n\t\t\t\t\t<\/div>\n\t\t\t\t<\/div>\n\t\t\t\t\t\t\t<div class=\"swiper-slide\">\n\t\t\t\t\t<div class=\"swiper-slide-inner\">\n\t\t\t\t\t\t<div class=\"elementskit-single-testimonial-slider elementskit-testimonial-slider-block-style  elementor-repeater-item-3d3cce3\" >\n\t\t\t\t\t\t\t<div class=\"elementskit-commentor-bio \">\n\t\t\t\t\t\t\t\t\t\t\t\t\t\t\t\t<span class=\"elementskit-profile-info\">\n\t\t\t\t\t\t\t\t\t<strong class=\"elementskit-author-name\">Ethan Reed<\/strong>\n\t\t\t\t\t\t\t\t\t<span class=\"elementskit-author-des\"><\/span>\n\t\t\t\t\t\t\t\t<\/span>\n\t\t\t\t\t\t\t<\/div>\n\t\t\t\t\t\t\t<div class=\"elementskit-commentor-content\">\n\t\t\t\t\t\t\t\t\t\t\t\t\t\t\t\t\t\t\t\t\t\t\t\t\t<p>Le diag IA de maturit\u00e9 est un \u00e9l\u00e9ment indispensable pour amorcer un d\u00e9ploiement IA en entreprise avec cadrage et donner un peu de visibilit\u00e9.<\/p>\n\t\t\t\t\t\t\t\t\t\t\t\t\t\t\t\t\t\t\t\t\t\t\t<\/div><!-- .commentor-content END -->\n\t\t\t\t\t\t<\/div>\n\t\t\t\t\t<\/div>\n\t\t\t\t<\/div>\n\t\t\t\t\t<\/div>\n\n\t\t\n\t\t\t<\/div>\n<\/div><\/div>\t\t\t\t<\/div>\n\t\t\t\t<\/div>\n\t\t\t\t\t<\/div>\n\t\t\t\t<\/div>\n\t\t<div class=\"elementor-element elementor-element-53d9248 animated-slow e-flex e-con-boxed elementor-invisible e-con e-parent\" data-id=\"53d9248\" data-element_type=\"container\" data-e-type=\"container\" data-settings=\"{&quot;background_background&quot;:&quot;classic&quot;,&quot;animation&quot;:&quot;h-neuron-animation--scaleIn&quot;}\">\n\t\t\t\t\t<div class=\"e-con-inner\">\n\t\t\t\t<div class=\"elementor-element elementor-element-8f828e4 exad-sticky-section-no exad-glass-effect-no elementor-widget elementor-widget-heading\" data-id=\"8f828e4\" data-element_type=\"widget\" data-e-type=\"widget\" data-widget_type=\"heading.default\">\n\t\t\t\t<div class=\"elementor-widget-container\">\n\t\t\t\t\t<h2 class=\"elementor-heading-title elementor-size-default\">Quelle est votre prochaine etape IA ? Parlons-en<\/h2>\t\t\t\t<\/div>\n\t\t\t\t<\/div>\n\t\t\t\t<div class=\"elementor-element elementor-element-9cd4963 elementor-align-center exad-sticky-section-no exad-glass-effect-no elementor-widget elementor-widget-button\" data-id=\"9cd4963\" data-element_type=\"widget\" data-e-type=\"widget\" data-widget_type=\"button.default\">\n\t\t\t\t<div class=\"elementor-widget-container\">\n\t\t\t\t\t\t\t\t\t<div class=\"elementor-button-wrapper\">\n\t\t\t\t\t<a class=\"elementor-button elementor-button-link elementor-size-sm\" href=\"mailto:marketing@transnumerik.com\">\n\t\t\t\t\t\t<span class=\"elementor-button-content-wrapper\">\n\t\t\t\t\t\t\t\t\t<span class=\"elementor-button-text\">marketing@transnumerik.com<\/span>\n\t\t\t\t\t<\/span>\n\t\t\t\t\t<\/a>\n\t\t\t\t<\/div>\n\t\t\t\t\t\t\t\t<\/div>\n\t\t\t\t<\/div>\n\t\t\t\t\t<\/div>\n\t\t\t\t<\/div>\n\t\t<div class=\"elementor-element elementor-element-46625bb e-flex e-con-boxed elementor-invisible e-con e-parent\" data-id=\"46625bb\" data-element_type=\"container\" data-e-type=\"container\" data-settings=\"{&quot;background_background&quot;:&quot;classic&quot;,&quot;animation&quot;:&quot;h-neuron-animation--slideDown&quot;}\">\n\t\t\t\t\t<div class=\"e-con-inner\">\n\t\t\t\t<div class=\"elementor-element elementor-element-ffdb75a exad-sticky-section-no exad-glass-effect-no elementor-widget elementor-widget-heading\" data-id=\"ffdb75a\" data-element_type=\"widget\" data-e-type=\"widget\" data-widget_type=\"heading.default\">\n\t\t\t\t<div class=\"elementor-widget-container\">\n\t\t\t\t\t<h2 class=\"elementor-heading-title elementor-size-default\">Suivez l'actualit\u00e9 IA<\/h2>\t\t\t\t<\/div>\n\t\t\t\t<\/div>\n\t\t\t\t<div class=\"elementor-element elementor-element-329ece3 exad-sticky-section-no exad-glass-effect-no elementor-widget elementor-widget-text-editor\" data-id=\"329ece3\" data-element_type=\"widget\" data-e-type=\"widget\" data-widget_type=\"text-editor.default\">\n\t\t\t\t<div class=\"elementor-widget-container\">\n\t\t\t\t\t\t\t\t\t<p>Inscrivez-vous gratuitement et recevez notre newsletter\u00a0 traitant l&rsquo;actualit\u00e9 de l&rsquo;IA et des entreprises. Une newsletter riche en information \u00e0 destination des professionnels et des d\u00e9cideurs pour les aider \u00e0 r\u00e9ussir leur transformation digitale.<\/p>\t\t\t\t\t\t\t\t<\/div>\n\t\t\t\t<\/div>\n\t\t\t\t<div class=\"elementor-element elementor-element-8abcb4c exad-sticky-section-no exad-glass-effect-no elementor-widget elementor-widget-neuron-form\" data-id=\"8abcb4c\" data-element_type=\"widget\" data-e-type=\"widget\" data-widget_type=\"neuron-form.default\">\n\t\t\t\t<div class=\"elementor-widget-container\">\n\t\t\t\t\t\t\t<form class=\"m-neuron-form\" method=\"post\" name=\"Newsletter IA\">\n\t\t\t<input type=\"hidden\" id=\"neuron_forms_nonce\" name=\"neuron_forms_nonce\" value=\"9e2b7a9b0d\" \/><input type=\"hidden\" name=\"_wp_http_referer\" value=\"\/en\/wp-json\/wp\/v2\/pages\/9676\" \/>\t\t\t<input type=\"hidden\" name=\"post_id\" value=\"9676\"\/>\n\t\t\t<input type=\"hidden\" name=\"form_id\" value=\"8abcb4c\"\/>\n\n\t\t\t\t\t\t<div class=\"m-neuron-form__field-group--email m-neuron-form__field-group elementor-repeater-item-afed5fb m-neuron-form__field-group--required\">\n\t\t\t\t<label for=\"form-field-email\" class=\"m-neuron-form__label elementor-screen-only\">Email<\/label><input size=\"1\" type=\"email\" name=\"form_fields[email]\" id=\"form-field-email\" class=\"m-neuron-form__field h-neuron-size-sm  m-neuron-form__input\" placeholder=\"Email\" required=\"required\" aria-required=\"true\">\t\t\t<\/div>\n\t\t\t\t\t\t<div class=\"m-neuron-form__field-group m-neuron-form__button\">\n\t\t\t\t<button type=\"submit\" class=\"m-neuron-form__submit-button a-neuron-button h-neuron-size--sm\">\n\t\t\t\t\t<span >\n\t\t\t\t\t\t\t\t\t\t\t\t\t<span class=\"m-neuron-form__button-icon\">\n\t\t\t\t\t\t\t\t\t\t\t\t\t\t\t\t\t\t\t\t\t\t\t<\/span>\n\t\t\t\t\t\t\t\t\t\t\t\t\t\t\t\t\t\t\t<span class=\"m-neuron-form__button-text\">Envoyer<\/span>\n\t\t\t\t\t\t\t\t\t\t\t<\/span>\n\t\t\t\t<\/button>\n\t\t\t<\/div>\n\t\t<\/form>\n\t\t\t\t\t\t<\/div>\n\t\t\t\t<\/div>\n\t\t\t\t\t<\/div>\n\t\t\t\t<\/div>\n\t\t\t\t<\/div>\n\t\t","protected":false},"excerpt":{"rendered":"<p>Merci pour votre participation ! Votre diagnostic de maturit\u00e9 en intelligence artificielle a \u00e9t\u00e9 enregistr\u00e9 avec succ\u00e8s.Un rapport personnalis\u00e9 vous sera prochainement envoy\u00e9 \u00e0 l\u2019adresse email que vous avez indiqu\u00e9e. T\u00e9moignages de clients Andrew Hayes La diagnostic IA de maturit\u00e9 a permis de d\u00e9blayer et comprendre comment transformer notre m\u00e9tier gr\u00e2ce \u00e0 l&rsquo;IA. Pas facile&#8230;<\/p>","protected":false},"author":14,"featured_media":9249,"parent":0,"menu_order":0,"comment_status":"closed","ping_status":"closed","template":"elementor_header_footer","meta":{"om_disable_all_campaigns":false,"_monsterinsights_skip_tracking":false,"_monsterinsights_sitenote_active":false,"_monsterinsights_sitenote_note":"","_monsterinsights_sitenote_category":0,"_uf_show_specific_survey":0,"_uf_disable_surveys":false,"footnotes":""},"class_list":["post-9676","page","type-page","status-publish","has-post-thumbnail","hentry"],"yoast_head":"<!-- This site is optimized with the Yoast SEO plugin v27.2 - https:\/\/yoast.com\/product\/yoast-seo-wordpress\/ -->\n<title>Evaluation niveau de maturit\u00e9 IA merci - TransNumerik<\/title>\n<meta name=\"robots\" content=\"index, follow, max-snippet:-1, max-image-preview:large, max-video-preview:-1\" \/>\n<link rel=\"canonical\" href=\"https:\/\/transnumerik.com\/en\/evaluation-niveau-de-maturite-ia-merci\/\" \/>\n<meta property=\"og:locale\" content=\"en_GB\" \/>\n<meta property=\"og:type\" content=\"article\" \/>\n<meta property=\"og:title\" content=\"Evaluation niveau de maturit\u00e9 IA merci - TransNumerik\" \/>\n<meta property=\"og:description\" content=\"Merci pour votre participation ! Votre diagnostic de maturit\u00e9 en intelligence artificielle a \u00e9t\u00e9 enregistr\u00e9 avec succ\u00e8s.Un rapport personnalis\u00e9 vous sera prochainement envoy\u00e9 \u00e0 l\u2019adresse email que vous avez indiqu\u00e9e. T\u00e9moignages de clients Andrew Hayes La diagnostic IA de maturit\u00e9 a permis de d\u00e9blayer et comprendre comment transformer notre m\u00e9tier gr\u00e2ce \u00e0 l&rsquo;IA. Pas facile...\" \/>\n<meta property=\"og:url\" content=\"https:\/\/transnumerik.com\/en\/evaluation-niveau-de-maturite-ia-merci\/\" \/>\n<meta property=\"og:site_name\" content=\"TransNumerik\" \/>\n<meta property=\"article:publisher\" content=\"https:\/\/www.facebook.com\/Transnumerik\" \/>\n<meta property=\"article:modified_time\" content=\"2025-08-19T11:58:56+00:00\" \/>\n<meta property=\"og:image\" content=\"https:\/\/i0.wp.com\/transnumerik.com\/wp-content\/uploads\/2025\/06\/logo-1820x635-px-copie-png-3.jpg?fit=800%2C279&ssl=1\" \/>\n\t<meta property=\"og:image:width\" content=\"800\" \/>\n\t<meta property=\"og:image:height\" content=\"279\" \/>\n\t<meta property=\"og:image:type\" content=\"image\/jpeg\" \/>\n<meta name=\"twitter:card\" content=\"summary_large_image\" \/>\n<meta name=\"twitter:site\" content=\"@transnumerik\" \/>\n<meta name=\"twitter:label1\" content=\"Estimated reading time\" \/>\n\t<meta name=\"twitter:data1\" content=\"1 minute\" \/>\n<script type=\"application\/ld+json\" class=\"yoast-schema-graph\">{\"@context\":\"https:\/\/schema.org\",\"@graph\":[{\"@type\":\"WebPage\",\"@id\":\"https:\/\/transnumerik.com\/evaluation-niveau-de-maturite-ia-merci\/\",\"url\":\"https:\/\/transnumerik.com\/evaluation-niveau-de-maturite-ia-merci\/\",\"name\":\"Evaluation niveau de maturit\u00e9 IA merci - TransNumerik\",\"isPartOf\":{\"@id\":\"https:\/\/transnumerik.com\/#website\"},\"primaryImageOfPage\":{\"@id\":\"https:\/\/transnumerik.com\/evaluation-niveau-de-maturite-ia-merci\/#primaryimage\"},\"image\":{\"@id\":\"https:\/\/transnumerik.com\/evaluation-niveau-de-maturite-ia-merci\/#primaryimage\"},\"thumbnailUrl\":\"https:\/\/i0.wp.com\/transnumerik.com\/wp-content\/uploads\/2025\/06\/logo-1820x635-px-copie-png-3.jpg?fit=800%2C279&ssl=1\",\"datePublished\":\"2025-08-05T10:28:20+00:00\",\"dateModified\":\"2025-08-19T11:58:56+00:00\",\"breadcrumb\":{\"@id\":\"https:\/\/transnumerik.com\/evaluation-niveau-de-maturite-ia-merci\/#breadcrumb\"},\"inLanguage\":\"en-GB\",\"potentialAction\":[{\"@type\":\"ReadAction\",\"target\":[\"https:\/\/transnumerik.com\/evaluation-niveau-de-maturite-ia-merci\/\"]}]},{\"@type\":\"ImageObject\",\"inLanguage\":\"en-GB\",\"@id\":\"https:\/\/transnumerik.com\/evaluation-niveau-de-maturite-ia-merci\/#primaryimage\",\"url\":\"https:\/\/i0.wp.com\/transnumerik.com\/wp-content\/uploads\/2025\/06\/logo-1820x635-px-copie-png-3.jpg?fit=800%2C279&ssl=1\",\"contentUrl\":\"https:\/\/i0.wp.com\/transnumerik.com\/wp-content\/uploads\/2025\/06\/logo-1820x635-px-copie-png-3.jpg?fit=800%2C279&ssl=1\",\"width\":800,\"height\":279,\"caption\":\"LOGO TRANSNUMERIK\"},{\"@type\":\"BreadcrumbList\",\"@id\":\"https:\/\/transnumerik.com\/evaluation-niveau-de-maturite-ia-merci\/#breadcrumb\",\"itemListElement\":[{\"@type\":\"ListItem\",\"position\":1,\"name\":\"Home\",\"item\":\"https:\/\/transnumerik.com\/\"},{\"@type\":\"ListItem\",\"position\":2,\"name\":\"Evaluation niveau de maturit\u00e9 IA merci\"}]},{\"@type\":\"WebSite\",\"@id\":\"https:\/\/transnumerik.com\/#website\",\"url\":\"https:\/\/transnumerik.com\/\",\"name\":\"Transnumerik\",\"description\":\"Ensemble, d\u00e9veloppons votre potentiel num\u00e9rique!\",\"publisher\":{\"@id\":\"https:\/\/transnumerik.com\/#organization\"},\"alternateName\":\"TNK\",\"potentialAction\":[{\"@type\":\"SearchAction\",\"target\":{\"@type\":\"EntryPoint\",\"urlTemplate\":\"https:\/\/transnumerik.com\/?s={search_term_string}\"},\"query-input\":{\"@type\":\"PropertyValueSpecification\",\"valueRequired\":true,\"valueName\":\"search_term_string\"}}],\"inLanguage\":\"en-GB\"},{\"@type\":\"Organization\",\"@id\":\"https:\/\/transnumerik.com\/#organization\",\"name\":\"Transnumerik\",\"url\":\"https:\/\/transnumerik.com\/\",\"logo\":{\"@type\":\"ImageObject\",\"inLanguage\":\"en-GB\",\"@id\":\"https:\/\/transnumerik.com\/#\/schema\/logo\/image\/\",\"url\":\"https:\/\/i0.wp.com\/transnumerik.com\/wp-content\/uploads\/2023\/11\/logo-1820x635-px.png?fit=860%2C300&ssl=1\",\"contentUrl\":\"https:\/\/i0.wp.com\/transnumerik.com\/wp-content\/uploads\/2023\/11\/logo-1820x635-px.png?fit=860%2C300&ssl=1\",\"width\":860,\"height\":300,\"caption\":\"Transnumerik\"},\"image\":{\"@id\":\"https:\/\/transnumerik.com\/#\/schema\/logo\/image\/\"},\"sameAs\":[\"https:\/\/www.facebook.com\/Transnumerik\",\"https:\/\/x.com\/transnumerik\",\"https:\/\/www.linkedin.com\/company\/transnumerik\/mycompany\/\",\"https:\/\/www.youtube.com\/channel\/UCjh9x2NMpzQe-Op2ymMSr6A\"]}]}<\/script>\n<!-- \/ Yoast SEO plugin. -->","yoast_head_json":{"title":"Evaluation niveau de maturit\u00e9 IA merci - TransNumerik","robots":{"index":"index","follow":"follow","max-snippet":"max-snippet:-1","max-image-preview":"max-image-preview:large","max-video-preview":"max-video-preview:-1"},"canonical":"https:\/\/transnumerik.com\/en\/evaluation-niveau-de-maturite-ia-merci\/","og_locale":"en_GB","og_type":"article","og_title":"Evaluation niveau de maturit\u00e9 IA merci - TransNumerik","og_description":"Merci pour votre participation ! Votre diagnostic de maturit\u00e9 en intelligence artificielle a \u00e9t\u00e9 enregistr\u00e9 avec succ\u00e8s.Un rapport personnalis\u00e9 vous sera prochainement envoy\u00e9 \u00e0 l\u2019adresse email que vous avez indiqu\u00e9e. T\u00e9moignages de clients Andrew Hayes La diagnostic IA de maturit\u00e9 a permis de d\u00e9blayer et comprendre comment transformer notre m\u00e9tier gr\u00e2ce \u00e0 l&rsquo;IA. Pas facile...","og_url":"https:\/\/transnumerik.com\/en\/evaluation-niveau-de-maturite-ia-merci\/","og_site_name":"TransNumerik","article_publisher":"https:\/\/www.facebook.com\/Transnumerik","article_modified_time":"2025-08-19T11:58:56+00:00","og_image":[{"width":800,"height":279,"url":"https:\/\/i0.wp.com\/transnumerik.com\/wp-content\/uploads\/2025\/06\/logo-1820x635-px-copie-png-3.jpg?fit=800%2C279&ssl=1","type":"image\/jpeg"}],"twitter_card":"summary_large_image","twitter_site":"@transnumerik","twitter_misc":{"Estimated reading time":"1 minute"},"schema":{"@context":"https:\/\/schema.org","@graph":[{"@type":"WebPage","@id":"https:\/\/transnumerik.com\/evaluation-niveau-de-maturite-ia-merci\/","url":"https:\/\/transnumerik.com\/evaluation-niveau-de-maturite-ia-merci\/","name":"Evaluation niveau de maturit\u00e9 IA merci - TransNumerik","isPartOf":{"@id":"https:\/\/transnumerik.com\/#website"},"primaryImageOfPage":{"@id":"https:\/\/transnumerik.com\/evaluation-niveau-de-maturite-ia-merci\/#primaryimage"},"image":{"@id":"https:\/\/transnumerik.com\/evaluation-niveau-de-maturite-ia-merci\/#primaryimage"},"thumbnailUrl":"https:\/\/i0.wp.com\/transnumerik.com\/wp-content\/uploads\/2025\/06\/logo-1820x635-px-copie-png-3.jpg?fit=800%2C279&ssl=1","datePublished":"2025-08-05T10:28:20+00:00","dateModified":"2025-08-19T11:58:56+00:00","breadcrumb":{"@id":"https:\/\/transnumerik.com\/evaluation-niveau-de-maturite-ia-merci\/#breadcrumb"},"inLanguage":"en-GB","potentialAction":[{"@type":"ReadAction","target":["https:\/\/transnumerik.com\/evaluation-niveau-de-maturite-ia-merci\/"]}]},{"@type":"ImageObject","inLanguage":"en-GB","@id":"https:\/\/transnumerik.com\/evaluation-niveau-de-maturite-ia-merci\/#primaryimage","url":"https:\/\/i0.wp.com\/transnumerik.com\/wp-content\/uploads\/2025\/06\/logo-1820x635-px-copie-png-3.jpg?fit=800%2C279&ssl=1","contentUrl":"https:\/\/i0.wp.com\/transnumerik.com\/wp-content\/uploads\/2025\/06\/logo-1820x635-px-copie-png-3.jpg?fit=800%2C279&ssl=1","width":800,"height":279,"caption":"LOGO TRANSNUMERIK"},{"@type":"BreadcrumbList","@id":"https:\/\/transnumerik.com\/evaluation-niveau-de-maturite-ia-merci\/#breadcrumb","itemListElement":[{"@type":"ListItem","position":1,"name":"Home","item":"https:\/\/transnumerik.com\/"},{"@type":"ListItem","position":2,"name":"Evaluation niveau de maturit\u00e9 IA merci"}]},{"@type":"WebSite","@id":"https:\/\/transnumerik.com\/#website","url":"https:\/\/transnumerik.com\/","name":"Transnumerik","description":"Together, let's unleash your digital potential!","publisher":{"@id":"https:\/\/transnumerik.com\/#organization"},"alternateName":"TNK","potentialAction":[{"@type":"SearchAction","target":{"@type":"EntryPoint","urlTemplate":"https:\/\/transnumerik.com\/?s={search_term_string}"},"query-input":{"@type":"PropertyValueSpecification","valueRequired":true,"valueName":"search_term_string"}}],"inLanguage":"en-GB"},{"@type":"Organization","@id":"https:\/\/transnumerik.com\/#organization","name":"Transnumerik","url":"https:\/\/transnumerik.com\/","logo":{"@type":"ImageObject","inLanguage":"en-GB","@id":"https:\/\/transnumerik.com\/#\/schema\/logo\/image\/","url":"https:\/\/i0.wp.com\/transnumerik.com\/wp-content\/uploads\/2023\/11\/logo-1820x635-px.png?fit=860%2C300&ssl=1","contentUrl":"https:\/\/i0.wp.com\/transnumerik.com\/wp-content\/uploads\/2023\/11\/logo-1820x635-px.png?fit=860%2C300&ssl=1","width":860,"height":300,"caption":"Transnumerik"},"image":{"@id":"https:\/\/transnumerik.com\/#\/schema\/logo\/image\/"},"sameAs":["https:\/\/www.facebook.com\/Transnumerik","https:\/\/x.com\/transnumerik","https:\/\/www.linkedin.com\/company\/transnumerik\/mycompany\/","https:\/\/www.youtube.com\/channel\/UCjh9x2NMpzQe-Op2ymMSr6A"]}]}},"featured_image_src":"https:\/\/i0.wp.com\/transnumerik.com\/wp-content\/uploads\/2025\/06\/logo-1820x635-px-copie-png-3.jpg?resize=600%2C279&ssl=1","featured_image_src_square":"https:\/\/i0.wp.com\/transnumerik.com\/wp-content\/uploads\/2025\/06\/logo-1820x635-px-copie-png-3.jpg?resize=600%2C279&ssl=1","jetpack_sharing_enabled":true,"_links":{"self":[{"href":"https:\/\/transnumerik.com\/en\/wp-json\/wp\/v2\/pages\/9676","targetHints":{"allow":["GET"]}}],"collection":[{"href":"https:\/\/transnumerik.com\/en\/wp-json\/wp\/v2\/pages"}],"about":[{"href":"https:\/\/transnumerik.com\/en\/wp-json\/wp\/v2\/types\/page"}],"author":[{"embeddable":true,"href":"https:\/\/transnumerik.com\/en\/wp-json\/wp\/v2\/users\/14"}],"replies":[{"embeddable":true,"href":"https:\/\/transnumerik.com\/en\/wp-json\/wp\/v2\/comments?post=9676"}],"version-history":[{"count":0,"href":"https:\/\/transnumerik.com\/en\/wp-json\/wp\/v2\/pages\/9676\/revisions"}],"wp:featuredmedia":[{"embeddable":true,"href":"https:\/\/transnumerik.com\/en\/wp-json\/wp\/v2\/media\/9249"}],"wp:attachment":[{"href":"https:\/\/transnumerik.com\/en\/wp-json\/wp\/v2\/media?parent=9676"}],"curies":[{"name":"wp","href":"https:\/\/api.w.org\/{rel}","templated":true}]}}