{"id":7126,"date":"2024-05-27T17:05:25","date_gmt":"2024-05-27T17:05:25","guid":{"rendered":"https:\/\/devprodtnk.wpenginepowered.com\/?page_id=7126"},"modified":"2024-06-04T14:27:40","modified_gmt":"2024-06-04T14:27:40","slug":"produits-et-services","status":"publish","type":"page","link":"https:\/\/transnumerik.com\/en\/produits-et-services\/","title":{"rendered":"Produits et services"},"content":{"rendered":"<div data-elementor-type=\"wp-page\" data-elementor-id=\"7126\" class=\"elementor elementor-7126\" data-elementor-post-type=\"page\">\n\t\t\t\t<div class=\"elementor-element elementor-element-e817e21 e-con-full n-orken-container--narrow animated-fast e-flex elementor-invisible e-con e-parent\" data-id=\"e817e21\" data-element_type=\"container\" data-e-type=\"container\" data-settings=\"{&quot;background_background&quot;:&quot;classic&quot;,&quot;animation&quot;:&quot;h-neuron-animation--slideUp&quot;}\">\n\t\t\t\t<div class=\"elementor-element elementor-element-702e539 exad-sticky-section-no exad-glass-effect-no elementor-widget elementor-widget-heading\" data-id=\"702e539\" data-element_type=\"widget\" data-e-type=\"widget\" data-widget_type=\"heading.default\">\n\t\t\t\t<div class=\"elementor-widget-container\">\n\t\t\t\t\t<h3 class=\"elementor-heading-title elementor-size-default\">NOS PRODUITS ET SERVICES<\/h3>\t\t\t\t<\/div>\n\t\t\t\t<\/div>\n\t\t\t\t<\/div>\n\t\t<div class=\"elementor-element elementor-element-e4fd6da e-con-full n-orken-container--narrow animated-fast e-flex elementor-invisible e-con e-parent\" data-id=\"e4fd6da\" data-element_type=\"container\" data-e-type=\"container\" data-settings=\"{&quot;animation&quot;:&quot;h-neuron-animation--slideUp&quot;}\">\n\t\t\t\t<div class=\"elementor-element elementor-element-f0b9214 exad-sticky-section-no exad-glass-effect-no elementor-widget elementor-widget-heading\" data-id=\"f0b9214\" data-element_type=\"widget\" data-e-type=\"widget\" data-widget_type=\"heading.default\">\n\t\t\t\t<div class=\"elementor-widget-container\">\n\t\t\t\t\t<h5 class=\"elementor-heading-title elementor-size-default\">Optimisez votre cr\u00e9ativit\u00e9 avec la puissance des produits Jabra pour une communication sans faille et la gamme Adobe pour des outils de conception et de d\u00e9veloppement \u00e0 la pointe de l'innovation.<\/h5>\t\t\t\t<\/div>\n\t\t\t\t<\/div>\n\t\t\t\t<\/div>\n\t\t<div class=\"elementor-element elementor-element-e6617ee e-con-full n-orken-container--wide animated-fast e-flex elementor-invisible e-con e-parent\" data-id=\"e6617ee\" data-element_type=\"container\" data-e-type=\"container\" data-settings=\"{&quot;background_background&quot;:&quot;classic&quot;,&quot;animation&quot;:&quot;h-neuron-animation--slideUp&quot;}\">\n\t\t<div class=\"elementor-element elementor-element-2505f41 e-con-full e-flex e-con e-child\" data-id=\"2505f41\" data-element_type=\"container\" data-e-type=\"container\">\n\t\t\t\t<div class=\"elementor-element elementor-element-c87ce7c exad-sticky-section-no exad-glass-effect-no elementor-widget elementor-widget-heading\" data-id=\"c87ce7c\" data-element_type=\"widget\" data-e-type=\"widget\" data-widget_type=\"heading.default\">\n\t\t\t\t<div class=\"elementor-widget-container\">\n\t\t\t\t\t<h2 class=\"elementor-heading-title elementor-size-default\">NOS PRODUITS JABRA<\/h2>\t\t\t\t<\/div>\n\t\t\t\t<\/div>\n\t\t\t\t<\/div>\n\t\t<div class=\"elementor-element elementor-element-0386bf8 e-con-full e-flex e-con e-child\" data-id=\"0386bf8\" data-element_type=\"container\" data-e-type=\"container\">\n\t\t\t\t<div class=\"elementor-element elementor-element-ba55a3f exad-sticky-section-no exad-glass-effect-no elementor-widget elementor-widget-text-editor\" data-id=\"ba55a3f\" data-element_type=\"widget\" data-e-type=\"widget\" data-widget_type=\"text-editor.default\">\n\t\t\t\t<div class=\"elementor-widget-container\">\n\t\t\t\t\t\t\t\t\tLaissez nos technologies transformer votre quotidien. Nos micro-casques leaders du march\u00e9, nos solutions vid\u00e9o intelligentes et nos \u00e9couteurs \u00e0 la pointe de la technologie \u00e9tablissent un nouveau standard pour garantir le meilleur \u00e9quilibre entre vie professionnelle et vie priv\u00e9e.\t\t\t\t\t\t\t\t<\/div>\n\t\t\t\t<\/div>\n\t\t\t\t<div class=\"elementor-element elementor-element-d1471d8 exad-sticky-section-no exad-glass-effect-no elementor-widget elementor-widget-button\" data-id=\"d1471d8\" data-element_type=\"widget\" data-e-type=\"widget\" data-widget_type=\"button.default\">\n\t\t\t\t<div class=\"elementor-widget-container\">\n\t\t\t\t\t\t\t\t\t<div class=\"elementor-button-wrapper\">\n\t\t\t\t\t<a class=\"elementor-button elementor-button-link elementor-size-sm\" href=\"https:\/\/transnumerik.com\/en\/produits-jabra\/\">\n\t\t\t\t\t\t<span class=\"elementor-button-content-wrapper\">\n\t\t\t\t\t\t<span class=\"elementor-button-icon\">\n\t\t\t\t\t\t\t<\/span>\n\t\t\t\t\t\t\t\t\t<span class=\"elementor-button-text\">Learn more<\/span>\n\t\t\t\t\t<\/span>\n\t\t\t\t\t<\/a>\n\t\t\t\t<\/div>\n\t\t\t\t\t\t\t\t<\/div>\n\t\t\t\t<\/div>\n\t\t\t\t<\/div>\n\t\t\t\t<\/div>\n\t\t<div class=\"elementor-element elementor-element-568a913 e-con-full n-orken-container--wide animated-fast e-flex elementor-invisible e-con e-parent\" data-id=\"568a913\" data-element_type=\"container\" data-e-type=\"container\" data-settings=\"{&quot;background_background&quot;:&quot;classic&quot;,&quot;animation&quot;:&quot;h-neuron-animation--slideUp&quot;}\">\n\t\t<div class=\"elementor-element elementor-element-d89372e e-con-full e-flex e-con e-child\" data-id=\"d89372e\" data-element_type=\"container\" data-e-type=\"container\">\n\t\t\t\t<div class=\"elementor-element elementor-element-bc2db06 exad-sticky-section-no exad-glass-effect-no elementor-widget elementor-widget-heading\" data-id=\"bc2db06\" data-element_type=\"widget\" data-e-type=\"widget\" data-widget_type=\"heading.default\">\n\t\t\t\t<div class=\"elementor-widget-container\">\n\t\t\t\t\t<h2 class=\"elementor-heading-title elementor-size-default\">TOUTE NOTRE GAMME ADOBE<\/h2>\t\t\t\t<\/div>\n\t\t\t\t<\/div>\n\t\t\t\t<\/div>\n\t\t<div class=\"elementor-element elementor-element-d7f3ab6 e-con-full e-flex e-con e-child\" data-id=\"d7f3ab6\" data-element_type=\"container\" data-e-type=\"container\">\n\t\t\t\t<div class=\"elementor-element elementor-element-3d3322a exad-sticky-section-no exad-glass-effect-no elementor-widget elementor-widget-text-editor\" data-id=\"3d3322a\" data-element_type=\"widget\" data-e-type=\"widget\" data-widget_type=\"text-editor.default\">\n\t\t\t\t<div class=\"elementor-widget-container\">\n\t\t\t\t\t\t\t\t\t<p>Donnez vie \u00e0 vos id\u00e9es les plus audacieuses. Que vous soyez graphiste, vid\u00e9aste, photographe, d\u00e9veloppeur web ou tout simplement passionn\u00e9 de cr\u00e9ativit\u00e9, Adobe a le produit qu\u2019il vous faut.<\/p>\t\t\t\t\t\t\t\t<\/div>\n\t\t\t\t<\/div>\n\t\t\t\t<div class=\"elementor-element elementor-element-5cff504 exad-sticky-section-no exad-glass-effect-no elementor-widget elementor-widget-button\" data-id=\"5cff504\" data-element_type=\"widget\" data-e-type=\"widget\" data-widget_type=\"button.default\">\n\t\t\t\t<div class=\"elementor-widget-container\">\n\t\t\t\t\t\t\t\t\t<div class=\"elementor-button-wrapper\">\n\t\t\t\t\t<a class=\"elementor-button elementor-button-link elementor-size-sm\" href=\"#\">\n\t\t\t\t\t\t<span class=\"elementor-button-content-wrapper\">\n\t\t\t\t\t\t<span class=\"elementor-button-icon\">\n\t\t\t\t\t\t\t<\/span>\n\t\t\t\t\t\t\t\t\t<span class=\"elementor-button-text\">Discover more <\/span>\n\t\t\t\t\t<\/span>\n\t\t\t\t\t<\/a>\n\t\t\t\t<\/div>\n\t\t\t\t\t\t\t\t<\/div>\n\t\t\t\t<\/div>\n\t\t\t\t<\/div>\n\t\t\t\t<\/div>\n\t\t<div class=\"elementor-element elementor-element-66aa758 n-orken-container--wide e-flex e-con-boxed e-con e-parent\" data-id=\"66aa758\" data-element_type=\"container\" data-e-type=\"container\">\n\t\t\t\t\t<div class=\"e-con-inner\">\n\t\t<div class=\"elementor-element elementor-element-4e258ae e-con-full e-flex e-con e-child\" data-id=\"4e258ae\" data-element_type=\"container\" data-e-type=\"container\">\n\t\t\t\t<div class=\"elementor-element elementor-element-c61165d exad-sticky-section-no exad-glass-effect-no elementor-widget elementor-widget-heading\" data-id=\"c61165d\" data-element_type=\"widget\" data-e-type=\"widget\" data-widget_type=\"heading.default\">\n\t\t\t\t<div class=\"elementor-widget-container\">\n\t\t\t\t\t<h3 class=\"elementor-heading-title elementor-size-default\">Develop your potential with <span>\u202four experts <\/span><\/h3>\t\t\t\t<\/div>\n\t\t\t\t<\/div>\n\t\t\t\t<div class=\"elementor-element elementor-element-500e753 exad-sticky-section-no exad-glass-effect-no elementor-widget elementor-widget-button\" data-id=\"500e753\" data-element_type=\"widget\" data-e-type=\"widget\" data-widget_type=\"button.default\">\n\t\t\t\t<div class=\"elementor-widget-container\">\n\t\t\t\t\t\t\t\t\t<div class=\"elementor-button-wrapper\">\n\t\t\t\t\t<a class=\"elementor-button elementor-button-link elementor-size-sm\" href=\"https:\/\/transnumerik.com\/en\/contact-us\/\">\n\t\t\t\t\t\t<span class=\"elementor-button-content-wrapper\">\n\t\t\t\t\t\t<span class=\"elementor-button-icon\">\n\t\t\t\t\t\t\t<\/span>\n\t\t\t\t\t\t\t\t\t<span class=\"elementor-button-text\">Contact us<\/span>\n\t\t\t\t\t<\/span>\n\t\t\t\t\t<\/a>\n\t\t\t\t<\/div>\n\t\t\t\t\t\t\t\t<\/div>\n\t\t\t\t<\/div>\n\t\t\t\t<\/div>\n\t\t<div class=\"elementor-element elementor-element-dbcea0b e-con-full e-flex e-con e-child\" data-id=\"dbcea0b\" data-element_type=\"container\" data-e-type=\"container\" data-settings=\"{&quot;background_background&quot;:&quot;classic&quot;}\">\n\t\t\t\t<\/div>\n\t\t\t\t\t<\/div>\n\t\t\t\t<\/div>\n\t\t\t\t<\/div>","protected":false},"excerpt":{"rendered":"<p>NOS PRODUITS ET SERVICES Optimisez votre cr\u00e9ativit\u00e9 avec la puissance des produits Jabra pour une communication sans faille et la gamme Adobe pour des outils de conception et de d\u00e9veloppement \u00e0 la pointe de l&rsquo;innovation. NOS PRODUITS JABRA Laissez nos technologies transformer votre quotidien. Nos micro-casques leaders du march\u00e9, nos solutions vid\u00e9o intelligentes et nos&#8230;<\/p>","protected":false},"author":3,"featured_media":0,"parent":0,"menu_order":0,"comment_status":"closed","ping_status":"closed","template":"","meta":{"om_disable_all_campaigns":false,"_monsterinsights_skip_tracking":false,"_monsterinsights_sitenote_active":false,"_monsterinsights_sitenote_note":"","_monsterinsights_sitenote_category":0,"_uf_show_specific_survey":0,"_uf_disable_surveys":false,"footnotes":""},"class_list":["post-7126","page","type-page","status-publish","hentry"],"yoast_head":"<!-- This site is optimized with the Yoast SEO plugin v27.2 - https:\/\/yoast.com\/product\/yoast-seo-wordpress\/ -->\n<title>Produits et services - TransNumerik<\/title>\n<meta name=\"robots\" content=\"index, follow, max-snippet:-1, max-image-preview:large, max-video-preview:-1\" \/>\n<link rel=\"canonical\" href=\"https:\/\/transnumerik.com\/en\/produits-et-services\/\" \/>\n<meta property=\"og:locale\" content=\"en_GB\" \/>\n<meta property=\"og:type\" content=\"article\" \/>\n<meta property=\"og:title\" content=\"Produits et services - TransNumerik\" \/>\n<meta property=\"og:description\" content=\"NOS PRODUITS ET SERVICES Optimisez votre cr\u00e9ativit\u00e9 avec la puissance des produits Jabra pour une communication sans faille et la gamme Adobe pour des outils de conception et de d\u00e9veloppement \u00e0 la pointe de l&rsquo;innovation. NOS PRODUITS JABRA Laissez nos technologies transformer votre quotidien. Nos micro-casques leaders du march\u00e9, nos solutions vid\u00e9o intelligentes et nos...\" \/>\n<meta property=\"og:url\" content=\"https:\/\/transnumerik.com\/en\/produits-et-services\/\" \/>\n<meta property=\"og:site_name\" content=\"TransNumerik\" \/>\n<meta property=\"article:publisher\" content=\"https:\/\/www.facebook.com\/Transnumerik\" \/>\n<meta property=\"article:modified_time\" content=\"2024-06-04T14:27:40+00:00\" \/>\n<meta property=\"og:image\" content=\"https:\/\/i0.wp.com\/transnumerik.com\/wp-content\/uploads\/2025\/02\/woman-home-using-mobile-phone-interacting-with-ar-ai-assistant-scaled.jpg?fit=2560%2C1707&ssl=1\" \/>\n\t<meta property=\"og:image:width\" content=\"2560\" \/>\n\t<meta property=\"og:image:height\" content=\"1707\" \/>\n\t<meta property=\"og:image:type\" content=\"image\/jpeg\" \/>\n<meta name=\"twitter:card\" content=\"summary_large_image\" \/>\n<meta name=\"twitter:site\" content=\"@transnumerik\" \/>\n<meta name=\"twitter:label1\" content=\"Estimated reading time\" \/>\n\t<meta name=\"twitter:data1\" content=\"1 minute\" \/>\n<script type=\"application\/ld+json\" class=\"yoast-schema-graph\">{\"@context\":\"https:\/\/schema.org\",\"@graph\":[{\"@type\":\"WebPage\",\"@id\":\"https:\/\/transnumerik.com\/produits-et-services\/\",\"url\":\"https:\/\/transnumerik.com\/produits-et-services\/\",\"name\":\"Produits et services - TransNumerik\",\"isPartOf\":{\"@id\":\"https:\/\/transnumerik.com\/#website\"},\"datePublished\":\"2024-05-27T17:05:25+00:00\",\"dateModified\":\"2024-06-04T14:27:40+00:00\",\"breadcrumb\":{\"@id\":\"https:\/\/transnumerik.com\/produits-et-services\/#breadcrumb\"},\"inLanguage\":\"en-GB\",\"potentialAction\":[{\"@type\":\"ReadAction\",\"target\":[\"https:\/\/transnumerik.com\/produits-et-services\/\"]}]},{\"@type\":\"BreadcrumbList\",\"@id\":\"https:\/\/transnumerik.com\/produits-et-services\/#breadcrumb\",\"itemListElement\":[{\"@type\":\"ListItem\",\"position\":1,\"name\":\"Home\",\"item\":\"https:\/\/transnumerik.com\/\"},{\"@type\":\"ListItem\",\"position\":2,\"name\":\"Produits et services\"}]},{\"@type\":\"WebSite\",\"@id\":\"https:\/\/transnumerik.com\/#website\",\"url\":\"https:\/\/transnumerik.com\/\",\"name\":\"Transnumerik\",\"description\":\"Ensemble, d\u00e9veloppons votre potentiel num\u00e9rique!\",\"publisher\":{\"@id\":\"https:\/\/transnumerik.com\/#organization\"},\"alternateName\":\"TNK\",\"potentialAction\":[{\"@type\":\"SearchAction\",\"target\":{\"@type\":\"EntryPoint\",\"urlTemplate\":\"https:\/\/transnumerik.com\/?s={search_term_string}\"},\"query-input\":{\"@type\":\"PropertyValueSpecification\",\"valueRequired\":true,\"valueName\":\"search_term_string\"}}],\"inLanguage\":\"en-GB\"},{\"@type\":\"Organization\",\"@id\":\"https:\/\/transnumerik.com\/#organization\",\"name\":\"Transnumerik\",\"url\":\"https:\/\/transnumerik.com\/\",\"logo\":{\"@type\":\"ImageObject\",\"inLanguage\":\"en-GB\",\"@id\":\"https:\/\/transnumerik.com\/#\/schema\/logo\/image\/\",\"url\":\"https:\/\/i0.wp.com\/transnumerik.com\/wp-content\/uploads\/2023\/11\/logo-1820x635-px.png?fit=860%2C300&ssl=1\",\"contentUrl\":\"https:\/\/i0.wp.com\/transnumerik.com\/wp-content\/uploads\/2023\/11\/logo-1820x635-px.png?fit=860%2C300&ssl=1\",\"width\":860,\"height\":300,\"caption\":\"Transnumerik\"},\"image\":{\"@id\":\"https:\/\/transnumerik.com\/#\/schema\/logo\/image\/\"},\"sameAs\":[\"https:\/\/www.facebook.com\/Transnumerik\",\"https:\/\/x.com\/transnumerik\",\"https:\/\/www.linkedin.com\/company\/transnumerik\/mycompany\/\",\"https:\/\/www.youtube.com\/channel\/UCjh9x2NMpzQe-Op2ymMSr6A\"]}]}<\/script>\n<!-- \/ Yoast SEO plugin. -->","yoast_head_json":{"title":"Produits et services - TransNumerik","robots":{"index":"index","follow":"follow","max-snippet":"max-snippet:-1","max-image-preview":"max-image-preview:large","max-video-preview":"max-video-preview:-1"},"canonical":"https:\/\/transnumerik.com\/en\/produits-et-services\/","og_locale":"en_GB","og_type":"article","og_title":"Produits et services - TransNumerik","og_description":"NOS PRODUITS ET SERVICES Optimisez votre cr\u00e9ativit\u00e9 avec la puissance des produits Jabra pour une communication sans faille et la gamme Adobe pour des outils de conception et de d\u00e9veloppement \u00e0 la pointe de l&rsquo;innovation. NOS PRODUITS JABRA Laissez nos technologies transformer votre quotidien. Nos micro-casques leaders du march\u00e9, nos solutions vid\u00e9o intelligentes et nos...","og_url":"https:\/\/transnumerik.com\/en\/produits-et-services\/","og_site_name":"TransNumerik","article_publisher":"https:\/\/www.facebook.com\/Transnumerik","article_modified_time":"2024-06-04T14:27:40+00:00","og_image":[{"width":2560,"height":1707,"url":"https:\/\/i0.wp.com\/transnumerik.com\/wp-content\/uploads\/2025\/02\/woman-home-using-mobile-phone-interacting-with-ar-ai-assistant-scaled.jpg?fit=2560%2C1707&ssl=1","type":"image\/jpeg"}],"twitter_card":"summary_large_image","twitter_site":"@transnumerik","twitter_misc":{"Estimated reading time":"1 minute"},"schema":{"@context":"https:\/\/schema.org","@graph":[{"@type":"WebPage","@id":"https:\/\/transnumerik.com\/produits-et-services\/","url":"https:\/\/transnumerik.com\/produits-et-services\/","name":"Produits et services - TransNumerik","isPartOf":{"@id":"https:\/\/transnumerik.com\/#website"},"datePublished":"2024-05-27T17:05:25+00:00","dateModified":"2024-06-04T14:27:40+00:00","breadcrumb":{"@id":"https:\/\/transnumerik.com\/produits-et-services\/#breadcrumb"},"inLanguage":"en-GB","potentialAction":[{"@type":"ReadAction","target":["https:\/\/transnumerik.com\/produits-et-services\/"]}]},{"@type":"BreadcrumbList","@id":"https:\/\/transnumerik.com\/produits-et-services\/#breadcrumb","itemListElement":[{"@type":"ListItem","position":1,"name":"Home","item":"https:\/\/transnumerik.com\/"},{"@type":"ListItem","position":2,"name":"Produits et services"}]},{"@type":"WebSite","@id":"https:\/\/transnumerik.com\/#website","url":"https:\/\/transnumerik.com\/","name":"Transnumerik","description":"Together, let's unleash your digital potential!","publisher":{"@id":"https:\/\/transnumerik.com\/#organization"},"alternateName":"TNK","potentialAction":[{"@type":"SearchAction","target":{"@type":"EntryPoint","urlTemplate":"https:\/\/transnumerik.com\/?s={search_term_string}"},"query-input":{"@type":"PropertyValueSpecification","valueRequired":true,"valueName":"search_term_string"}}],"inLanguage":"en-GB"},{"@type":"Organization","@id":"https:\/\/transnumerik.com\/#organization","name":"Transnumerik","url":"https:\/\/transnumerik.com\/","logo":{"@type":"ImageObject","inLanguage":"en-GB","@id":"https:\/\/transnumerik.com\/#\/schema\/logo\/image\/","url":"https:\/\/i0.wp.com\/transnumerik.com\/wp-content\/uploads\/2023\/11\/logo-1820x635-px.png?fit=860%2C300&ssl=1","contentUrl":"https:\/\/i0.wp.com\/transnumerik.com\/wp-content\/uploads\/2023\/11\/logo-1820x635-px.png?fit=860%2C300&ssl=1","width":860,"height":300,"caption":"Transnumerik"},"image":{"@id":"https:\/\/transnumerik.com\/#\/schema\/logo\/image\/"},"sameAs":["https:\/\/www.facebook.com\/Transnumerik","https:\/\/x.com\/transnumerik","https:\/\/www.linkedin.com\/company\/transnumerik\/mycompany\/","https:\/\/www.youtube.com\/channel\/UCjh9x2NMpzQe-Op2ymMSr6A"]}]}},"featured_image_src":null,"featured_image_src_square":null,"jetpack_sharing_enabled":true,"_links":{"self":[{"href":"https:\/\/transnumerik.com\/en\/wp-json\/wp\/v2\/pages\/7126","targetHints":{"allow":["GET"]}}],"collection":[{"href":"https:\/\/transnumerik.com\/en\/wp-json\/wp\/v2\/pages"}],"about":[{"href":"https:\/\/transnumerik.com\/en\/wp-json\/wp\/v2\/types\/page"}],"author":[{"embeddable":true,"href":"https:\/\/transnumerik.com\/en\/wp-json\/wp\/v2\/users\/3"}],"replies":[{"embeddable":true,"href":"https:\/\/transnumerik.com\/en\/wp-json\/wp\/v2\/comments?post=7126"}],"version-history":[{"count":0,"href":"https:\/\/transnumerik.com\/en\/wp-json\/wp\/v2\/pages\/7126\/revisions"}],"wp:attachment":[{"href":"https:\/\/transnumerik.com\/en\/wp-json\/wp\/v2\/media?parent=7126"}],"curies":[{"name":"wp","href":"https:\/\/api.w.org\/{rel}","templated":true}]}}