{"id":6886,"date":"2024-03-08T09:02:56","date_gmt":"2024-03-08T09:02:56","guid":{"rendered":"https:\/\/devprodtnk.wpenginepowered.com\/?page_id=6886"},"modified":"2024-05-08T09:51:32","modified_gmt":"2024-05-08T09:51:32","slug":"webinar-fr","status":"publish","type":"page","link":"https:\/\/transnumerik.com\/en\/webinar-fr\/","title":{"rendered":"Webinar-FR"},"content":{"rendered":"\t\t<div data-elementor-type=\"wp-page\" data-elementor-id=\"6886\" class=\"elementor elementor-6886\" data-elementor-post-type=\"page\">\n\t\t\t\t<div class=\"elementor-element elementor-element-2ed826e e-flex e-con-boxed e-con e-parent\" data-id=\"2ed826e\" data-element_type=\"container\" data-e-type=\"container\" data-settings=\"{&quot;background_background&quot;:&quot;classic&quot;}\">\n\t\t\t\t\t<div class=\"e-con-inner\">\n\t\t<div class=\"elementor-element elementor-element-2c0ed43 e-con-full e-flex e-con e-child\" data-id=\"2c0ed43\" data-element_type=\"container\" data-e-type=\"container\">\n\t\t\t\t<div class=\"elementor-element elementor-element-c0e19ca exad-sticky-section-no exad-glass-effect-no elementor-widget elementor-widget-image\" data-id=\"c0e19ca\" data-element_type=\"widget\" data-e-type=\"widget\" data-widget_type=\"image.default\">\n\t\t\t\t<div class=\"elementor-widget-container\">\n\t\t\t\t\t\t\t\t\t\t\t\t\t\t\t<img decoding=\"async\" data-src=\"https:\/\/i0.wp.com\/transnumerik.com\/wp-content\/uploads\/2023\/11\/TransNumerik_logo-white-1-e1708209724130.png?fit=300%2C100&#038;ssl=1\" title=\"TransNumerik_logo white 1\" alt=\"TransNumerik_logo white 1\" src=\"data:image\/gif;base64,R0lGODlhAQABAAAAACH5BAEKAAEALAAAAAABAAEAAAICTAEAOw==\" class=\"lazyload\" \/><noscript><img decoding=\"async\" src=\"https:\/\/i0.wp.com\/transnumerik.com\/wp-content\/uploads\/2023\/11\/TransNumerik_logo-white-1-e1708209724130.png?fit=300%2C100&#038;ssl=1\" title=\"TransNumerik_logo white 1\" alt=\"TransNumerik_logo white 1\" loading=\"lazy\" \/><\/noscript>\t\t\t\t\t\t\t\t\t\t\t\t\t\t\t<\/div>\n\t\t\t\t<\/div>\n\t\t\t\t<div class=\"elementor-element elementor-element-3d3bf51 exad-sticky-section-no exad-glass-effect-no elementor-widget elementor-widget-heading\" data-id=\"3d3bf51\" data-element_type=\"widget\" data-e-type=\"widget\" data-widget_type=\"heading.default\">\n\t\t\t\t<div class=\"elementor-widget-container\">\n\t\t\t\t\t<h6 class=\"elementor-heading-title elementor-size-medium\">Webinaire<\/h6>\t\t\t\t<\/div>\n\t\t\t\t<\/div>\n\t\t\t\t<div class=\"elementor-element elementor-element-94d58a5 exad-sticky-section-no exad-glass-effect-no elementor-widget elementor-widget-heading\" data-id=\"94d58a5\" data-element_type=\"widget\" data-e-type=\"widget\" data-widget_type=\"heading.default\">\n\t\t\t\t<div class=\"elementor-widget-container\">\n\t\t\t\t\t<h6 class=\"elementor-heading-title elementor-size-medium\">15 Mai 2024, 11h \u2013 12h30 GMT <\/h6>\t\t\t\t<\/div>\n\t\t\t\t<\/div>\n\t\t\t\t<div class=\"elementor-element elementor-element-88696f8 exad-sticky-section-no exad-glass-effect-no elementor-widget elementor-widget-heading\" data-id=\"88696f8\" data-element_type=\"widget\" data-e-type=\"widget\" data-widget_type=\"heading.default\">\n\t\t\t\t<div class=\"elementor-widget-container\">\n\t\t\t\t\t<h2 class=\"elementor-heading-title elementor-size-xl\">Comment Copilot maximise  <br \/> <span class=\"title-hero\">la productivit\u00e9 et la cr\u00e9ativit\u00e9 de votre entreprise<\/span><\/h2>\t\t\t\t<\/div>\n\t\t\t\t<\/div>\n\t\t\t\t<\/div>\n\t\t<div class=\"elementor-element elementor-element-807e7d0 e-con-full e-flex e-con e-child\" data-id=\"807e7d0\" data-element_type=\"container\" data-e-type=\"container\">\n\t\t\t\t<div class=\"elementor-element elementor-element-c18dffc exad-sticky-section-no exad-glass-effect-no elementor-widget elementor-widget-html\" data-id=\"c18dffc\" data-element_type=\"widget\" data-e-type=\"widget\" id=\"form\" data-widget_type=\"html.default\">\n\t\t\t\t<div class=\"elementor-widget-container\">\n\t\t\t\t\t[activecampaign]\t\t\t\t<\/div>\n\t\t\t\t<\/div>\n\t\t\t\t<\/div>\n\t\t\t\t\t<\/div>\n\t\t\t\t<\/div>\n\t\t<div class=\"elementor-element elementor-element-4a1417b e-flex e-con-boxed e-con e-parent\" data-id=\"4a1417b\" data-element_type=\"container\" data-e-type=\"container\" id=\"learn-more\">\n\t\t\t\t\t<div class=\"e-con-inner\">\n\t\t\t\t<div class=\"elementor-element elementor-element-d4315be exad-sticky-section-no exad-glass-effect-no elementor-widget elementor-widget-heading\" data-id=\"d4315be\" data-element_type=\"widget\" data-e-type=\"widget\" data-widget_type=\"heading.default\">\n\t\t\t\t<div class=\"elementor-widget-container\">\n\t\t\t\t\t<h2 class=\"elementor-heading-title elementor-size-xl\">Plongez dans le monde transformateur de Copilot, o\u00f9 les fronti\u00e8res de la productivit\u00e9 et de la cr\u00e9ativit\u00e9 sur le lieu de travail sont red\u00e9finies. <\/h2>\t\t\t\t<\/div>\n\t\t\t\t<\/div>\n\t\t\t\t<div class=\"elementor-element elementor-element-361703d exad-sticky-section-no exad-glass-effect-no elementor-widget elementor-widget-heading\" data-id=\"361703d\" data-element_type=\"widget\" data-e-type=\"widget\" data-widget_type=\"heading.default\">\n\t\t\t\t<div class=\"elementor-widget-container\">\n\t\t\t\t\t<h6 class=\"elementor-heading-title elementor-size-medium\">Ce webinaire vous pr\u00e9sentera les fonctionnalit\u00e9s et les avantages remarquables de Copilot, en illustrant comment il peut non seulement am\u00e9liorer l'efficacit\u00e9 op\u00e9rationnelle, mais aussi lib\u00e9rer le talent cr\u00e9atif de votre \u00e9quipe. <\/h6>\t\t\t\t<\/div>\n\t\t\t\t<\/div>\n\t\t\t\t<div class=\"elementor-element elementor-element-3af5e35 elementor-icon-list--layout-traditional elementor-list-item-link-full_width exad-sticky-section-no exad-glass-effect-no elementor-widget elementor-widget-icon-list\" data-id=\"3af5e35\" data-element_type=\"widget\" data-e-type=\"widget\" data-widget_type=\"icon-list.default\">\n\t\t\t\t<div class=\"elementor-widget-container\">\n\t\t\t\t\t\t\t<ul class=\"elementor-icon-list-items\">\n\t\t\t\t\t\t\t<li class=\"elementor-icon-list-item\">\n\t\t\t\t\t\t\t\t\t\t\t<span class=\"elementor-icon-list-icon\">\n\t\t\t\t\t\t\t<svg xmlns=\"http:\/\/www.w3.org\/2000\/svg\" width=\"32.151\" height=\"23.906\" viewBox=\"0 0 32.151 23.906\"><g id=\"Group_74\" data-name=\"Group 74\" transform=\"translate(-487.793 -2256.793)\"><line id=\"Line_3\" data-name=\"Line 3\" x2=\"8.246\" y2=\"8.491\" transform=\"translate(488.5 2271.5)\" fill=\"none\" stroke=\"#f28617\" stroke-linecap=\"square\" stroke-width=\"1\"><\/line><line id=\"Line_4\" data-name=\"Line 4\" x1=\"22.491\" y2=\"22.491\" transform=\"translate(496.746 2257.5)\" fill=\"none\" stroke=\"#f28617\" stroke-linecap=\"square\" stroke-width=\"1\"><\/line><\/g><\/svg>\t\t\t\t\t\t<\/span>\n\t\t\t\t\t\t\t\t\t\t<span class=\"elementor-icon-list-text\">Exploration approfondie des fonctionnalit\u00e9s de Copilot : D\u00e9couvrez les capacit\u00e9s de Copilot et comment elles peuvent augmenter les niveaux de productivit\u00e9 de votre entreprise. <\/span>\n\t\t\t\t\t\t\t\t\t<\/li>\n\t\t\t\t\t\t\t\t<li class=\"elementor-icon-list-item\">\n\t\t\t\t\t\t\t\t\t\t\t<span class=\"elementor-icon-list-icon\">\n\t\t\t\t\t\t\t<svg xmlns=\"http:\/\/www.w3.org\/2000\/svg\" width=\"32.151\" height=\"23.906\" viewBox=\"0 0 32.151 23.906\"><g id=\"Group_74\" data-name=\"Group 74\" transform=\"translate(-487.793 -2256.793)\"><line id=\"Line_3\" data-name=\"Line 3\" x2=\"8.246\" y2=\"8.491\" transform=\"translate(488.5 2271.5)\" fill=\"none\" stroke=\"#f28617\" stroke-linecap=\"square\" stroke-width=\"1\"><\/line><line id=\"Line_4\" data-name=\"Line 4\" x1=\"22.491\" y2=\"22.491\" transform=\"translate(496.746 2257.5)\" fill=\"none\" stroke=\"#f28617\" stroke-linecap=\"square\" stroke-width=\"1\"><\/line><\/g><\/svg>\t\t\t\t\t\t<\/span>\n\t\t\t\t\t\t\t\t\t\t<span class=\"elementor-icon-list-text\">Am\u00e9lioration de la cr\u00e9ativit\u00e9 : Strat\u00e9gies pour lib\u00e9rer le potentiel cr\u00e9atif de votre \u00e9quipe en utilisant Copilot. <\/span>\n\t\t\t\t\t\t\t\t\t<\/li>\n\t\t\t\t\t\t\t\t<li class=\"elementor-icon-list-item\">\n\t\t\t\t\t\t\t\t\t\t\t<span class=\"elementor-icon-list-icon\">\n\t\t\t\t\t\t\t<svg xmlns=\"http:\/\/www.w3.org\/2000\/svg\" width=\"32.151\" height=\"23.906\" viewBox=\"0 0 32.151 23.906\"><g id=\"Group_74\" data-name=\"Group 74\" transform=\"translate(-487.793 -2256.793)\"><line id=\"Line_3\" data-name=\"Line 3\" x2=\"8.246\" y2=\"8.491\" transform=\"translate(488.5 2271.5)\" fill=\"none\" stroke=\"#f28617\" stroke-linecap=\"square\" stroke-width=\"1\"><\/line><line id=\"Line_4\" data-name=\"Line 4\" x1=\"22.491\" y2=\"22.491\" transform=\"translate(496.746 2257.5)\" fill=\"none\" stroke=\"#f28617\" stroke-linecap=\"square\" stroke-width=\"1\"><\/line><\/g><\/svg>\t\t\t\t\t\t<\/span>\n\t\t\t\t\t\t\t\t\t\t<span class=\"elementor-icon-list-text\">Processus de d\u00e9veloppement acc\u00e9l\u00e9r\u00e9 : D\u00e9couvrez comment Copilot peut acc\u00e9l\u00e9rer les d\u00e9lais de vos projets et apporter de l'efficacit\u00e9 \u00e0 votre flux de travail. <\/span>\n\t\t\t\t\t\t\t\t\t<\/li>\n\t\t\t\t\t\t\t\t<li class=\"elementor-icon-list-item\">\n\t\t\t\t\t\t\t\t\t\t\t<span class=\"elementor-icon-list-icon\">\n\t\t\t\t\t\t\t<svg xmlns=\"http:\/\/www.w3.org\/2000\/svg\" width=\"32.151\" height=\"23.906\" viewBox=\"0 0 32.151 23.906\"><g id=\"Group_74\" data-name=\"Group 74\" transform=\"translate(-487.793 -2256.793)\"><line id=\"Line_3\" data-name=\"Line 3\" x2=\"8.246\" y2=\"8.491\" transform=\"translate(488.5 2271.5)\" fill=\"none\" stroke=\"#f28617\" stroke-linecap=\"square\" stroke-width=\"1\"><\/line><line id=\"Line_4\" data-name=\"Line 4\" x1=\"22.491\" y2=\"22.491\" transform=\"translate(496.746 2257.5)\" fill=\"none\" stroke=\"#f28617\" stroke-linecap=\"square\" stroke-width=\"1\"><\/line><\/g><\/svg>\t\t\t\t\t\t<\/span>\n\t\t\t\t\t\t\t\t\t\t<span class=\"elementor-icon-list-text\">Techniques d'int\u00e9gration : Conseils pour int\u00e9grer de mani\u00e8re transparente Copilot dans vos processus existants afin d'optimiser les r\u00e9sultats. <\/span>\n\t\t\t\t\t\t\t\t\t<\/li>\n\t\t\t\t\t\t\t\t<li class=\"elementor-icon-list-item\">\n\t\t\t\t\t\t\t\t\t\t\t<span class=\"elementor-icon-list-icon\">\n\t\t\t\t\t\t\t<svg xmlns=\"http:\/\/www.w3.org\/2000\/svg\" width=\"32.151\" height=\"23.906\" viewBox=\"0 0 32.151 23.906\"><g id=\"Group_74\" data-name=\"Group 74\" transform=\"translate(-487.793 -2256.793)\"><line id=\"Line_3\" data-name=\"Line 3\" x2=\"8.246\" y2=\"8.491\" transform=\"translate(488.5 2271.5)\" fill=\"none\" stroke=\"#f28617\" stroke-linecap=\"square\" stroke-width=\"1\"><\/line><line id=\"Line_4\" data-name=\"Line 4\" x1=\"22.491\" y2=\"22.491\" transform=\"translate(496.746 2257.5)\" fill=\"none\" stroke=\"#f28617\" stroke-linecap=\"square\" stroke-width=\"1\"><\/line><\/g><\/svg>\t\t\t\t\t\t<\/span>\n\t\t\t\t\t\t\t\t\t\t<span class=\"elementor-icon-list-text\">Meilleures pratiques : Les meilleurs conseils pratiques pour tirer pleinement parti de Copilot, garantissant ainsi que vous en tirez le meilleur parti de votre investissement. <\/span>\n\t\t\t\t\t\t\t\t\t<\/li>\n\t\t\t\t\t\t<\/ul>\n\t\t\t\t\t\t<\/div>\n\t\t\t\t<\/div>\n\t\t\t\t\t<\/div>\n\t\t\t\t<\/div>\n\t\t<div class=\"elementor-element elementor-element-2945c5d e-flex e-con-boxed e-con e-parent\" data-id=\"2945c5d\" data-element_type=\"container\" data-e-type=\"container\" data-settings=\"{&quot;background_background&quot;:&quot;classic&quot;}\">\n\t\t\t\t\t<div class=\"e-con-inner\">\n\t\t\t\t<div class=\"elementor-element elementor-element-cd5667a elementor-view-default exad-sticky-section-no exad-glass-effect-no elementor-widget elementor-widget-icon\" data-id=\"cd5667a\" data-element_type=\"widget\" data-e-type=\"widget\" data-widget_type=\"icon.default\">\n\t\t\t\t<div class=\"elementor-widget-container\">\n\t\t\t\t\t\t\t<div class=\"elementor-icon-wrapper\">\n\t\t\t<div class=\"elementor-icon\">\n\t\t\t<svg xmlns=\"http:\/\/www.w3.org\/2000\/svg\" width=\"108\" height=\"108\" viewBox=\"0 0 108 108\"><g id=\"Group_3312\" data-name=\"Group 3312\" transform=\"translate(-906 -2618)\"><circle id=\"Ellipse_1\" data-name=\"Ellipse 1\" cx=\"54\" cy=\"54\" r=\"54\" transform=\"translate(906 2618)\" fill=\"#fff\"><\/circle><g id=\"secure-shield-password-protect-safe-svgrepo-com\" transform=\"translate(936.944 2647.249)\"><path id=\"Path_56\" data-name=\"Path 56\" d=\"M25.306,51.877a4.641,4.641,0,0,1-2.434-.665l-9.177-5.367A22.36,22.36,0,0,1,2.25,26.568V11.9A4.838,4.838,0,0,1,5.41,7.367L23.643.67a4.838,4.838,0,0,1,3.326,0L45.2,7.367a4.838,4.838,0,0,1,3.16,4.536V26.568A22.36,22.36,0,0,1,36.917,45.844L27.74,51.211a4.641,4.641,0,0,1-2.434.665Zm0-47.714a1.013,1.013,0,0,0-.363,0L6.71,10.89A1.043,1.043,0,0,0,6.03,11.9V26.568A18.6,18.6,0,0,0,15.6,42.579l9.177,5.382a1.1,1.1,0,0,0,1.058,0l9.177-5.382h0a18.6,18.6,0,0,0,9.57-16.011V11.9a1.043,1.043,0,0,0-.68-.983l-18.233-6.7a1.013,1.013,0,0,0-.363-.06Z\" transform=\"translate(-2.25 -0.375)\" fill=\"#f28617\"><\/path><path id=\"Path_57\" data-name=\"Path 57\" d=\"M19.23,27.317A1.965,1.965,0,0,1,18,26.878l-6.456-5.443a1.894,1.894,0,1,1,2.434-2.9L19.048,22.8,27.7,13.272a1.895,1.895,0,0,1,2.812,2.54L20.711,26.7A1.92,1.92,0,0,1,19.23,27.317Z\" transform=\"translate(2.163 5.906)\" fill=\"#f28617\"><\/path><\/g><\/g><\/svg>\t\t\t<\/div>\n\t\t<\/div>\n\t\t\t\t\t\t<\/div>\n\t\t\t\t<\/div>\n\t\t\t\t<div class=\"elementor-element elementor-element-cce74bd exad-sticky-section-no exad-glass-effect-no elementor-widget elementor-widget-heading\" data-id=\"cce74bd\" data-element_type=\"widget\" data-e-type=\"widget\" data-widget_type=\"heading.default\">\n\t\t\t\t<div class=\"elementor-widget-container\">\n\t\t\t\t\t<h2 class=\"elementor-heading-title elementor-size-xl\">Inscrivez-vous pour apprendre comment transformer la productivit\u00e9 et la cr\u00e9ativit\u00e9 de votre entreprise avec Copilot. <\/h2>\t\t\t\t<\/div>\n\t\t\t\t<\/div>\n\t\t\t\t<div class=\"elementor-element elementor-element-265a445 exad-sticky-section-no exad-glass-effect-no elementor-widget elementor-widget-heading\" data-id=\"265a445\" data-element_type=\"widget\" data-e-type=\"widget\" data-widget_type=\"heading.default\">\n\t\t\t\t<div class=\"elementor-widget-container\">\n\t\t\t\t\t<h5 class=\"elementor-heading-title elementor-size-default\">Intervenants\u202f:<\/h5>\t\t\t\t<\/div>\n\t\t\t\t<\/div>\n\t\t\t\t<div class=\"elementor-element elementor-element-08f7e4e exad-sticky-section-no exad-glass-effect-no elementor-widget elementor-widget-heading\" data-id=\"08f7e4e\" data-element_type=\"widget\" data-e-type=\"widget\" data-widget_type=\"heading.default\">\n\t\t\t\t<div class=\"elementor-widget-container\">\n\t\t\t\t\t<p class=\"elementor-heading-title elementor-size-default\"><a href=\"#\">Experts TransNumerik<\/a><\/p>\t\t\t\t<\/div>\n\t\t\t\t<\/div>\n\t\t\t\t<div class=\"elementor-element elementor-element-bb794ea elementor-align-center exad-sticky-section-no exad-glass-effect-no elementor-widget elementor-widget-button\" data-id=\"bb794ea\" data-element_type=\"widget\" data-e-type=\"widget\" data-widget_type=\"button.default\">\n\t\t\t\t<div class=\"elementor-widget-container\">\n\t\t\t\t\t\t\t\t\t<div class=\"elementor-button-wrapper\">\n\t\t\t\t\t<a class=\"elementor-button elementor-button-link elementor-size-sm\" href=\"#form\">\n\t\t\t\t\t\t<span class=\"elementor-button-content-wrapper\">\n\t\t\t\t\t\t\t\t\t<span class=\"elementor-button-text\">JE M\u2019INSCRIS <\/span>\n\t\t\t\t\t<\/span>\n\t\t\t\t\t<\/a>\n\t\t\t\t<\/div>\n\t\t\t\t\t\t\t\t<\/div>\n\t\t\t\t<\/div>\n\t\t\t\t\t<\/div>\n\t\t\t\t<\/div>\n\t\t<div class=\"elementor-element elementor-element-90fc4cb e-flex e-con-boxed e-con e-parent\" data-id=\"90fc4cb\" data-element_type=\"container\" data-e-type=\"container\" data-settings=\"{&quot;background_background&quot;:&quot;classic&quot;}\">\n\t\t\t\t\t<div class=\"e-con-inner\">\n\t\t\t\t<div class=\"elementor-element elementor-element-647b6e2 exad-sticky-section-no exad-glass-effect-no elementor-widget elementor-widget-heading\" data-id=\"647b6e2\" data-element_type=\"widget\" data-e-type=\"widget\" data-widget_type=\"heading.default\">\n\t\t\t\t<div class=\"elementor-widget-container\">\n\t\t\t\t\t<p class=\"elementor-heading-title elementor-size-default\">ALL RIGHTS RESERVED TO TRANSNUMERIK , 2024\u00ae\u200b<\/p>\t\t\t\t<\/div>\n\t\t\t\t<\/div>\n\t\t\t\t\t<\/div>\n\t\t\t\t<\/div>\n\t\t\t\t<\/div>\n\t\t","protected":false},"excerpt":{"rendered":"<p>Webinaire 15 Mai 2024, 11h \u2013 12h30 GMT Comment Copilot maximise la productivit\u00e9 et la cr\u00e9ativit\u00e9 de votre entreprise Plongez dans le monde transformateur de Copilot, o\u00f9 les fronti\u00e8res de la productivit\u00e9 et de la cr\u00e9ativit\u00e9 sur le lieu de travail sont red\u00e9finies. Ce webinaire vous pr\u00e9sentera les fonctionnalit\u00e9s et les avantages remarquables de Copilot,&#8230;<\/p>","protected":false},"author":3,"featured_media":0,"parent":0,"menu_order":0,"comment_status":"closed","ping_status":"closed","template":"elementor_canvas","meta":{"om_disable_all_campaigns":false,"_monsterinsights_skip_tracking":false,"_monsterinsights_sitenote_active":false,"_monsterinsights_sitenote_note":"","_monsterinsights_sitenote_category":0,"_uf_show_specific_survey":0,"_uf_disable_surveys":false,"footnotes":""},"class_list":["post-6886","page","type-page","status-publish","hentry"],"yoast_head":"<!-- This site is optimized with the Yoast SEO plugin v27.2 - https:\/\/yoast.com\/product\/yoast-seo-wordpress\/ -->\n<title>Webinar-FR - TransNumerik<\/title>\n<meta name=\"robots\" content=\"index, follow, max-snippet:-1, max-image-preview:large, max-video-preview:-1\" \/>\n<link rel=\"canonical\" href=\"https:\/\/transnumerik.com\/en\/webinar-fr\/\" \/>\n<meta property=\"og:locale\" content=\"en_GB\" \/>\n<meta property=\"og:type\" content=\"article\" \/>\n<meta property=\"og:title\" content=\"Webinar-FR - TransNumerik\" \/>\n<meta property=\"og:description\" content=\"Webinaire 15 Mai 2024, 11h \u2013 12h30 GMT Comment Copilot maximise la productivit\u00e9 et la cr\u00e9ativit\u00e9 de votre entreprise Plongez dans le monde transformateur de Copilot, o\u00f9 les fronti\u00e8res de la productivit\u00e9 et de la cr\u00e9ativit\u00e9 sur le lieu de travail sont red\u00e9finies. Ce webinaire vous pr\u00e9sentera les fonctionnalit\u00e9s et les avantages remarquables de Copilot,...\" \/>\n<meta property=\"og:url\" content=\"https:\/\/transnumerik.com\/en\/webinar-fr\/\" \/>\n<meta property=\"og:site_name\" content=\"TransNumerik\" \/>\n<meta property=\"article:publisher\" content=\"https:\/\/www.facebook.com\/Transnumerik\" \/>\n<meta property=\"article:modified_time\" content=\"2024-05-08T09:51:32+00:00\" \/>\n<meta property=\"og:image\" content=\"https:\/\/transnumerik.com\/wp-content\/uploads\/elementor\/thumbs\/TransNumerik_logo-white-1-e1708209724130-ql9df733z04t5drcqliz351yr3znzqsk79cbylxofc.png\" \/>\n<meta name=\"twitter:card\" content=\"summary_large_image\" \/>\n<meta name=\"twitter:site\" content=\"@transnumerik\" \/>\n<meta name=\"twitter:label1\" content=\"Estimated reading time\" \/>\n\t<meta name=\"twitter:data1\" content=\"2 minutes\" \/>\n<script type=\"application\/ld+json\" class=\"yoast-schema-graph\">{\"@context\":\"https:\/\/schema.org\",\"@graph\":[{\"@type\":\"WebPage\",\"@id\":\"https:\/\/transnumerik.com\/webinar-fr\/\",\"url\":\"https:\/\/transnumerik.com\/webinar-fr\/\",\"name\":\"Webinar-FR - TransNumerik\",\"isPartOf\":{\"@id\":\"https:\/\/transnumerik.com\/#website\"},\"primaryImageOfPage\":{\"@id\":\"https:\/\/transnumerik.com\/webinar-fr\/#primaryimage\"},\"image\":{\"@id\":\"https:\/\/transnumerik.com\/webinar-fr\/#primaryimage\"},\"thumbnailUrl\":\"https:\/\/transnumerik.com\/wp-content\/uploads\/elementor\/thumbs\/TransNumerik_logo-white-1-e1708209724130-ql9df733z04t5drcqliz351yr3znzqsk79cbylxofc.png\",\"datePublished\":\"2024-03-08T09:02:56+00:00\",\"dateModified\":\"2024-05-08T09:51:32+00:00\",\"breadcrumb\":{\"@id\":\"https:\/\/transnumerik.com\/webinar-fr\/#breadcrumb\"},\"inLanguage\":\"en-GB\",\"potentialAction\":[{\"@type\":\"ReadAction\",\"target\":[\"https:\/\/transnumerik.com\/webinar-fr\/\"]}]},{\"@type\":\"ImageObject\",\"inLanguage\":\"en-GB\",\"@id\":\"https:\/\/transnumerik.com\/webinar-fr\/#primaryimage\",\"url\":\"https:\/\/transnumerik.com\/wp-content\/uploads\/elementor\/thumbs\/TransNumerik_logo-white-1-e1708209724130-ql9df733z04t5drcqliz351yr3znzqsk79cbylxofc.png\",\"contentUrl\":\"https:\/\/transnumerik.com\/wp-content\/uploads\/elementor\/thumbs\/TransNumerik_logo-white-1-e1708209724130-ql9df733z04t5drcqliz351yr3znzqsk79cbylxofc.png\"},{\"@type\":\"BreadcrumbList\",\"@id\":\"https:\/\/transnumerik.com\/webinar-fr\/#breadcrumb\",\"itemListElement\":[{\"@type\":\"ListItem\",\"position\":1,\"name\":\"Home\",\"item\":\"https:\/\/transnumerik.com\/\"},{\"@type\":\"ListItem\",\"position\":2,\"name\":\"Webinar-FR\"}]},{\"@type\":\"WebSite\",\"@id\":\"https:\/\/transnumerik.com\/#website\",\"url\":\"https:\/\/transnumerik.com\/\",\"name\":\"Transnumerik\",\"description\":\"Ensemble, d\u00e9veloppons votre potentiel num\u00e9rique!\",\"publisher\":{\"@id\":\"https:\/\/transnumerik.com\/#organization\"},\"alternateName\":\"TNK\",\"potentialAction\":[{\"@type\":\"SearchAction\",\"target\":{\"@type\":\"EntryPoint\",\"urlTemplate\":\"https:\/\/transnumerik.com\/?s={search_term_string}\"},\"query-input\":{\"@type\":\"PropertyValueSpecification\",\"valueRequired\":true,\"valueName\":\"search_term_string\"}}],\"inLanguage\":\"en-GB\"},{\"@type\":\"Organization\",\"@id\":\"https:\/\/transnumerik.com\/#organization\",\"name\":\"Transnumerik\",\"url\":\"https:\/\/transnumerik.com\/\",\"logo\":{\"@type\":\"ImageObject\",\"inLanguage\":\"en-GB\",\"@id\":\"https:\/\/transnumerik.com\/#\/schema\/logo\/image\/\",\"url\":\"https:\/\/i0.wp.com\/transnumerik.com\/wp-content\/uploads\/2023\/11\/logo-1820x635-px.png?fit=860%2C300&ssl=1\",\"contentUrl\":\"https:\/\/i0.wp.com\/transnumerik.com\/wp-content\/uploads\/2023\/11\/logo-1820x635-px.png?fit=860%2C300&ssl=1\",\"width\":860,\"height\":300,\"caption\":\"Transnumerik\"},\"image\":{\"@id\":\"https:\/\/transnumerik.com\/#\/schema\/logo\/image\/\"},\"sameAs\":[\"https:\/\/www.facebook.com\/Transnumerik\",\"https:\/\/x.com\/transnumerik\",\"https:\/\/www.linkedin.com\/company\/transnumerik\/mycompany\/\",\"https:\/\/www.youtube.com\/channel\/UCjh9x2NMpzQe-Op2ymMSr6A\"]}]}<\/script>\n<!-- \/ Yoast SEO plugin. -->","yoast_head_json":{"title":"Webinar-FR - TransNumerik","robots":{"index":"index","follow":"follow","max-snippet":"max-snippet:-1","max-image-preview":"max-image-preview:large","max-video-preview":"max-video-preview:-1"},"canonical":"https:\/\/transnumerik.com\/en\/webinar-fr\/","og_locale":"en_GB","og_type":"article","og_title":"Webinar-FR - TransNumerik","og_description":"Webinaire 15 Mai 2024, 11h \u2013 12h30 GMT Comment Copilot maximise la productivit\u00e9 et la cr\u00e9ativit\u00e9 de votre entreprise Plongez dans le monde transformateur de Copilot, o\u00f9 les fronti\u00e8res de la productivit\u00e9 et de la cr\u00e9ativit\u00e9 sur le lieu de travail sont red\u00e9finies. Ce webinaire vous pr\u00e9sentera les fonctionnalit\u00e9s et les avantages remarquables de Copilot,...","og_url":"https:\/\/transnumerik.com\/en\/webinar-fr\/","og_site_name":"TransNumerik","article_publisher":"https:\/\/www.facebook.com\/Transnumerik","article_modified_time":"2024-05-08T09:51:32+00:00","og_image":[{"url":"https:\/\/transnumerik.com\/wp-content\/uploads\/elementor\/thumbs\/TransNumerik_logo-white-1-e1708209724130-ql9df733z04t5drcqliz351yr3znzqsk79cbylxofc.png","type":"","width":"","height":""}],"twitter_card":"summary_large_image","twitter_site":"@transnumerik","twitter_misc":{"Estimated reading time":"2 minutes"},"schema":{"@context":"https:\/\/schema.org","@graph":[{"@type":"WebPage","@id":"https:\/\/transnumerik.com\/webinar-fr\/","url":"https:\/\/transnumerik.com\/webinar-fr\/","name":"Webinar-FR - TransNumerik","isPartOf":{"@id":"https:\/\/transnumerik.com\/#website"},"primaryImageOfPage":{"@id":"https:\/\/transnumerik.com\/webinar-fr\/#primaryimage"},"image":{"@id":"https:\/\/transnumerik.com\/webinar-fr\/#primaryimage"},"thumbnailUrl":"https:\/\/transnumerik.com\/wp-content\/uploads\/elementor\/thumbs\/TransNumerik_logo-white-1-e1708209724130-ql9df733z04t5drcqliz351yr3znzqsk79cbylxofc.png","datePublished":"2024-03-08T09:02:56+00:00","dateModified":"2024-05-08T09:51:32+00:00","breadcrumb":{"@id":"https:\/\/transnumerik.com\/webinar-fr\/#breadcrumb"},"inLanguage":"en-GB","potentialAction":[{"@type":"ReadAction","target":["https:\/\/transnumerik.com\/webinar-fr\/"]}]},{"@type":"ImageObject","inLanguage":"en-GB","@id":"https:\/\/transnumerik.com\/webinar-fr\/#primaryimage","url":"https:\/\/transnumerik.com\/wp-content\/uploads\/elementor\/thumbs\/TransNumerik_logo-white-1-e1708209724130-ql9df733z04t5drcqliz351yr3znzqsk79cbylxofc.png","contentUrl":"https:\/\/transnumerik.com\/wp-content\/uploads\/elementor\/thumbs\/TransNumerik_logo-white-1-e1708209724130-ql9df733z04t5drcqliz351yr3znzqsk79cbylxofc.png"},{"@type":"BreadcrumbList","@id":"https:\/\/transnumerik.com\/webinar-fr\/#breadcrumb","itemListElement":[{"@type":"ListItem","position":1,"name":"Home","item":"https:\/\/transnumerik.com\/"},{"@type":"ListItem","position":2,"name":"Webinar-FR"}]},{"@type":"WebSite","@id":"https:\/\/transnumerik.com\/#website","url":"https:\/\/transnumerik.com\/","name":"Transnumerik","description":"Together, let's unleash your digital potential!","publisher":{"@id":"https:\/\/transnumerik.com\/#organization"},"alternateName":"TNK","potentialAction":[{"@type":"SearchAction","target":{"@type":"EntryPoint","urlTemplate":"https:\/\/transnumerik.com\/?s={search_term_string}"},"query-input":{"@type":"PropertyValueSpecification","valueRequired":true,"valueName":"search_term_string"}}],"inLanguage":"en-GB"},{"@type":"Organization","@id":"https:\/\/transnumerik.com\/#organization","name":"Transnumerik","url":"https:\/\/transnumerik.com\/","logo":{"@type":"ImageObject","inLanguage":"en-GB","@id":"https:\/\/transnumerik.com\/#\/schema\/logo\/image\/","url":"https:\/\/i0.wp.com\/transnumerik.com\/wp-content\/uploads\/2023\/11\/logo-1820x635-px.png?fit=860%2C300&ssl=1","contentUrl":"https:\/\/i0.wp.com\/transnumerik.com\/wp-content\/uploads\/2023\/11\/logo-1820x635-px.png?fit=860%2C300&ssl=1","width":860,"height":300,"caption":"Transnumerik"},"image":{"@id":"https:\/\/transnumerik.com\/#\/schema\/logo\/image\/"},"sameAs":["https:\/\/www.facebook.com\/Transnumerik","https:\/\/x.com\/transnumerik","https:\/\/www.linkedin.com\/company\/transnumerik\/mycompany\/","https:\/\/www.youtube.com\/channel\/UCjh9x2NMpzQe-Op2ymMSr6A"]}]}},"featured_image_src":null,"featured_image_src_square":null,"jetpack_sharing_enabled":true,"_links":{"self":[{"href":"https:\/\/transnumerik.com\/en\/wp-json\/wp\/v2\/pages\/6886","targetHints":{"allow":["GET"]}}],"collection":[{"href":"https:\/\/transnumerik.com\/en\/wp-json\/wp\/v2\/pages"}],"about":[{"href":"https:\/\/transnumerik.com\/en\/wp-json\/wp\/v2\/types\/page"}],"author":[{"embeddable":true,"href":"https:\/\/transnumerik.com\/en\/wp-json\/wp\/v2\/users\/3"}],"replies":[{"embeddable":true,"href":"https:\/\/transnumerik.com\/en\/wp-json\/wp\/v2\/comments?post=6886"}],"version-history":[{"count":0,"href":"https:\/\/transnumerik.com\/en\/wp-json\/wp\/v2\/pages\/6886\/revisions"}],"wp:attachment":[{"href":"https:\/\/transnumerik.com\/en\/wp-json\/wp\/v2\/media?parent=6886"}],"curies":[{"name":"wp","href":"https:\/\/api.w.org\/{rel}","templated":true}]}}