{"id":6577,"date":"2024-02-08T09:18:18","date_gmt":"2024-02-08T09:18:18","guid":{"rendered":"https:\/\/devprodtnk.wpenginepowered.com\/?page_id=6577"},"modified":"2025-05-16T10:23:58","modified_gmt":"2025-05-16T10:23:58","slug":"optimisation-des-operations","status":"publish","type":"page","link":"https:\/\/transnumerik.com\/en\/optimisation-des-operations\/","title":{"rendered":"Operation optimizations"},"content":{"rendered":"\t\t<div data-elementor-type=\"wp-page\" data-elementor-id=\"6577\" class=\"elementor elementor-6577\" data-elementor-post-type=\"page\">\n\t\t\t\t<div class=\"elementor-element elementor-element-a68cb05 e-con-full n-orken-container--narrow animated-fast e-flex elementor-invisible e-con e-parent\" data-id=\"a68cb05\" data-element_type=\"container\" data-e-type=\"container\" data-settings=\"{&quot;background_background&quot;:&quot;classic&quot;,&quot;animation&quot;:&quot;h-neuron-animation--slideUp&quot;}\">\n\t\t\t\t<div class=\"elementor-element elementor-element-0022185 icon-orange exad-sticky-section-no exad-glass-effect-no elementor-widget elementor-widget-heading\" data-id=\"0022185\" data-element_type=\"widget\" data-e-type=\"widget\" data-widget_type=\"heading.default\">\n\t\t\t\t<div class=\"elementor-widget-container\">\n\t\t\t\t\t<span class=\"elementor-heading-title elementor-size-default\">Operation optimizations <\/span>\t\t\t\t<\/div>\n\t\t\t\t<\/div>\n\t\t\t\t<\/div>\n\t\t<div class=\"elementor-element elementor-element-a3355f8 e-con-full n-orken-container--narrow e-flex e-con e-parent\" data-id=\"a3355f8\" data-element_type=\"container\" data-e-type=\"container\">\n\t\t\t\t<div class=\"elementor-element elementor-element-954e85a icon-mist animated-fast exad-sticky-section-no exad-glass-effect-no elementor-invisible elementor-widget elementor-widget-heading\" data-id=\"954e85a\" data-element_type=\"widget\" data-e-type=\"widget\" data-settings=\"{&quot;_animation&quot;:&quot;h-neuron-animation--slideUp&quot;}\" data-widget_type=\"heading.default\">\n\t\t\t\t<div class=\"elementor-widget-container\">\n\t\t\t\t\t<span class=\"elementor-heading-title elementor-size-default\">CE QUE NOUS FAISONS <\/span>\t\t\t\t<\/div>\n\t\t\t\t<\/div>\n\t\t\t\t<div class=\"elementor-element elementor-element-4736fc3 animated-fast exad-sticky-section-no exad-glass-effect-no elementor-invisible elementor-widget elementor-widget-heading\" data-id=\"4736fc3\" data-element_type=\"widget\" data-e-type=\"widget\" data-settings=\"{&quot;_animation&quot;:&quot;h-neuron-animation--slideUp&quot;}\" data-widget_type=\"heading.default\">\n\t\t\t\t<div class=\"elementor-widget-container\">\n\t\t\t\t\t<h4 class=\"elementor-heading-title elementor-size-default\">Transformez vos op\u00e9rations avec nos solutions. Nous proposons des strat\u00e9gies sur mesure pour rationaliser les processus, am\u00e9liorer l'efficacit\u00e9 et maximiser l'utilisation des ressources. \u00c9levez les performances de votre entreprise et restez en t\u00eate sur le march\u00e9 dynamique d'aujourd'hui avec Hewani et SAM.<\/h4>\t\t\t\t<\/div>\n\t\t\t\t<\/div>\n\t\t\t\t<\/div>\n\t\t<div class=\"elementor-element elementor-element-a8730db e-con-full e-flex e-con e-parent\" data-id=\"a8730db\" data-element_type=\"container\" data-e-type=\"container\">\n\t\t<div class=\"elementor-element elementor-element-57fb628 e-con-full animated-fast e-flex elementor-invisible e-con e-child\" data-id=\"57fb628\" data-element_type=\"container\" data-e-type=\"container\" data-settings=\"{&quot;background_background&quot;:&quot;classic&quot;,&quot;sticky&quot;:&quot;top&quot;,&quot;sticky_effects_offset&quot;:10,&quot;animation&quot;:&quot;h-neuron-animation--slideUp&quot;,&quot;sticky_on&quot;:[&quot;widescreen&quot;,&quot;desktop&quot;,&quot;laptop&quot;,&quot;tablet_extra&quot;,&quot;tablet&quot;,&quot;mobile_extra&quot;,&quot;mobile&quot;],&quot;sticky_offset&quot;:0,&quot;sticky_anchor_link_offset&quot;:0}\">\n\t\t<div class=\"elementor-element elementor-element-cfdb786 e-con-full e-flex e-con e-child\" data-id=\"cfdb786\" data-element_type=\"container\" data-e-type=\"container\" data-settings=\"{&quot;background_background&quot;:&quot;classic&quot;}\">\n\t\t\t\t<\/div>\n\t\t<div class=\"elementor-element elementor-element-238b157 e-con-full e-flex e-con e-child\" data-id=\"238b157\" data-element_type=\"container\" data-e-type=\"container\">\n\t\t\t\t<div class=\"elementor-element elementor-element-58e3df6 exad-sticky-section-no exad-glass-effect-no elementor-widget elementor-widget-heading\" data-id=\"58e3df6\" data-element_type=\"widget\" data-e-type=\"widget\" data-widget_type=\"heading.default\">\n\t\t\t\t<div class=\"elementor-widget-container\">\n\t\t\t\t\t<h2 class=\"elementor-heading-title elementor-size-default\">01<\/h2>\t\t\t\t<\/div>\n\t\t\t\t<\/div>\n\t\t\t\t<div class=\"elementor-element elementor-element-2f4764a exad-sticky-section-no exad-glass-effect-no elementor-widget elementor-widget-heading\" data-id=\"2f4764a\" data-element_type=\"widget\" data-e-type=\"widget\" data-widget_type=\"heading.default\">\n\t\t\t\t<div class=\"elementor-widget-container\">\n\t\t\t\t\t<h4 class=\"elementor-heading-title elementor-size-default\">Hewani <\/h4>\t\t\t\t<\/div>\n\t\t\t\t<\/div>\n\t\t\t\t<div class=\"elementor-element elementor-element-81707de exad-sticky-section-no exad-glass-effect-no elementor-widget elementor-widget-text-editor\" data-id=\"81707de\" data-element_type=\"widget\" data-e-type=\"widget\" data-widget_type=\"text-editor.default\">\n\t\t\t\t<div class=\"elementor-widget-container\">\n\t\t\t\t\t\t\t\t\t<p><span class=\"TextRun Highlight SCXW203155426 BCX8\" lang=\"FR-CI\" xml:lang=\"FR-CI\" data-contrast=\"none\"><span class=\"NormalTextRun SCXW203155426 BCX8\">Digitalisez vos processus de cha\u00eene d&rsquo;approvisionnement. Nous apportons de la valeur \u00e0 nos clients en permettant l&rsquo;efficacit\u00e9, la visibilit\u00e9 et la transparence tout au long de leur cha\u00eene de valeur d&rsquo;approvisionnement.<\/span><\/span><\/p>\t\t\t\t\t\t\t\t<\/div>\n\t\t\t\t<\/div>\n\t\t\t\t<div class=\"elementor-element elementor-element-fec270a exad-sticky-section-no exad-glass-effect-no elementor-widget elementor-widget-button\" data-id=\"fec270a\" data-element_type=\"widget\" data-e-type=\"widget\" data-widget_type=\"button.default\">\n\t\t\t\t<div class=\"elementor-widget-container\">\n\t\t\t\t\t\t\t\t\t<div class=\"elementor-button-wrapper\">\n\t\t\t\t\t<a class=\"elementor-button elementor-button-link elementor-size-sm\" href=\"https:\/\/transnumerik.com\/wp-content\/uploads\/2024\/02\/HEWANI-ONE-PAGER.pdf\">\n\t\t\t\t\t\t<span class=\"elementor-button-content-wrapper\">\n\t\t\t\t\t\t<span class=\"elementor-button-icon\">\n\t\t\t\t\t\t\t<\/span>\n\t\t\t\t\t\t\t\t\t<span class=\"elementor-button-text\"> D\u00e9couvrir la solution<\/span>\n\t\t\t\t\t<\/span>\n\t\t\t\t\t<\/a>\n\t\t\t\t<\/div>\n\t\t\t\t\t\t\t\t<\/div>\n\t\t\t\t<\/div>\n\t\t\t\t<\/div>\n\t\t\t\t<\/div>\n\t\t<div class=\"elementor-element elementor-element-e8e3d52 e-con-full animated-fast e-flex elementor-invisible e-con e-child\" data-id=\"e8e3d52\" data-element_type=\"container\" data-e-type=\"container\" data-settings=\"{&quot;background_background&quot;:&quot;classic&quot;,&quot;sticky&quot;:&quot;top&quot;,&quot;sticky_effects_offset&quot;:10,&quot;animation&quot;:&quot;h-neuron-animation--slideUp&quot;,&quot;sticky_on&quot;:[&quot;widescreen&quot;,&quot;desktop&quot;,&quot;laptop&quot;,&quot;tablet_extra&quot;,&quot;tablet&quot;,&quot;mobile_extra&quot;,&quot;mobile&quot;],&quot;sticky_offset&quot;:0,&quot;sticky_anchor_link_offset&quot;:0}\">\n\t\t<div class=\"elementor-element elementor-element-0f0d243 e-con-full e-flex e-con e-child\" data-id=\"0f0d243\" data-element_type=\"container\" data-e-type=\"container\" data-settings=\"{&quot;background_background&quot;:&quot;classic&quot;}\">\n\t\t\t\t<\/div>\n\t\t<div class=\"elementor-element elementor-element-5630f16 e-con-full e-flex e-con e-child\" data-id=\"5630f16\" data-element_type=\"container\" data-e-type=\"container\">\n\t\t\t\t<div class=\"elementor-element elementor-element-7ef5684 exad-sticky-section-no exad-glass-effect-no elementor-widget elementor-widget-heading\" data-id=\"7ef5684\" data-element_type=\"widget\" data-e-type=\"widget\" data-widget_type=\"heading.default\">\n\t\t\t\t<div class=\"elementor-widget-container\">\n\t\t\t\t\t<h2 class=\"elementor-heading-title elementor-size-default\">02<\/h2>\t\t\t\t<\/div>\n\t\t\t\t<\/div>\n\t\t\t\t<div class=\"elementor-element elementor-element-2131561 exad-sticky-section-no exad-glass-effect-no elementor-widget elementor-widget-heading\" data-id=\"2131561\" data-element_type=\"widget\" data-e-type=\"widget\" data-widget_type=\"heading.default\">\n\t\t\t\t<div class=\"elementor-widget-container\">\n\t\t\t\t\t<h4 class=\"elementor-heading-title elementor-size-default\">SAM<\/h4>\t\t\t\t<\/div>\n\t\t\t\t<\/div>\n\t\t\t\t<div class=\"elementor-element elementor-element-49ba1c2 exad-sticky-section-no exad-glass-effect-no elementor-widget elementor-widget-text-editor\" data-id=\"49ba1c2\" data-element_type=\"widget\" data-e-type=\"widget\" data-widget_type=\"text-editor.default\">\n\t\t\t\t<div class=\"elementor-widget-container\">\n\t\t\t\t\t\t\t\t\t<p><span class=\"NormalTextRun SCXW59902884 BCX8\">Am\u00e9liorez votre gestion des actifs informatiques en tirant parti de la gestion des actifs logiciels (SAM), de la gestion des actifs mat\u00e9riels (HAM) et de la gestion du Cloud<\/span><span class=\"NormalTextRun SCXW59902884 BCX8\"> !<\/span><\/p>\t\t\t\t\t\t\t\t<\/div>\n\t\t\t\t<\/div>\n\t\t\t\t<div class=\"elementor-element elementor-element-ea9ab10 exad-sticky-section-no exad-glass-effect-no elementor-widget elementor-widget-button\" data-id=\"ea9ab10\" data-element_type=\"widget\" data-e-type=\"widget\" data-widget_type=\"button.default\">\n\t\t\t\t<div class=\"elementor-widget-container\">\n\t\t\t\t\t\t\t\t\t<div class=\"elementor-button-wrapper\">\n\t\t\t\t\t<a class=\"elementor-button elementor-button-link elementor-size-sm\" href=\"https:\/\/transnumerik.com\/wp-content\/uploads\/2024\/02\/sam-one-pager.pdf\">\n\t\t\t\t\t\t<span class=\"elementor-button-content-wrapper\">\n\t\t\t\t\t\t<span class=\"elementor-button-icon\">\n\t\t\t\t\t\t\t<\/span>\n\t\t\t\t\t\t\t\t\t<span class=\"elementor-button-text\">Lire plus<\/span>\n\t\t\t\t\t<\/span>\n\t\t\t\t\t<\/a>\n\t\t\t\t<\/div>\n\t\t\t\t\t\t\t\t<\/div>\n\t\t\t\t<\/div>\n\t\t\t\t<\/div>\n\t\t\t\t<\/div>\n\t\t\t\t<\/div>\n\t\t<div class=\"elementor-element elementor-element-5d6c02f n-orken-container--wide e-flex e-con-boxed e-con e-parent\" data-id=\"5d6c02f\" data-element_type=\"container\" data-e-type=\"container\" data-settings=\"{&quot;background_background&quot;:&quot;classic&quot;}\">\n\t\t\t\t\t<div class=\"e-con-inner\">\n\t\t<div class=\"elementor-element elementor-element-b019b97 e-con-full e-flex e-con e-child\" data-id=\"b019b97\" data-element_type=\"container\" data-e-type=\"container\">\n\t\t\t\t<div class=\"elementor-element elementor-element-ecea300 exad-sticky-section-no exad-glass-effect-no elementor-widget elementor-widget-heading\" data-id=\"ecea300\" data-element_type=\"widget\" data-e-type=\"widget\" data-widget_type=\"heading.default\">\n\t\t\t\t<div class=\"elementor-widget-container\">\n\t\t\t\t\t<h3 class=\"elementor-heading-title elementor-size-default\">Atteignez votre plein potentiel\navec <span>nos experts <\/span><\/h3>\t\t\t\t<\/div>\n\t\t\t\t<\/div>\n\t\t\t\t<div class=\"elementor-element elementor-element-055934b exad-sticky-section-no exad-glass-effect-no elementor-widget elementor-widget-button\" data-id=\"055934b\" data-element_type=\"widget\" data-e-type=\"widget\" data-widget_type=\"button.default\">\n\t\t\t\t<div class=\"elementor-widget-container\">\n\t\t\t\t\t\t\t\t\t<div class=\"elementor-button-wrapper\">\n\t\t\t\t\t<a class=\"elementor-button elementor-button-link elementor-size-sm\" href=\"https:\/\/transnumerik.com\/contact\/\">\n\t\t\t\t\t\t<span class=\"elementor-button-content-wrapper\">\n\t\t\t\t\t\t<span class=\"elementor-button-icon\">\n\t\t\t\t\t\t\t<\/span>\n\t\t\t\t\t\t\t\t\t<span class=\"elementor-button-text\">Contactez-nous<\/span>\n\t\t\t\t\t<\/span>\n\t\t\t\t\t<\/a>\n\t\t\t\t<\/div>\n\t\t\t\t\t\t\t\t<\/div>\n\t\t\t\t<\/div>\n\t\t\t\t<\/div>\n\t\t<div class=\"elementor-element elementor-element-caf3a24 e-con-full e-flex e-con e-child\" data-id=\"caf3a24\" data-element_type=\"container\" data-e-type=\"container\" data-settings=\"{&quot;background_background&quot;:&quot;classic&quot;}\">\n\t\t\t\t<\/div>\n\t\t\t\t\t<\/div>\n\t\t\t\t<\/div>\n\t\t<div class=\"elementor-element elementor-element-568b692 e-flex e-con-boxed e-con e-parent\" data-id=\"568b692\" data-element_type=\"container\" data-e-type=\"container\" data-settings=\"{&quot;background_background&quot;:&quot;classic&quot;}\">\n\t\t\t\t\t<div class=\"e-con-inner\">\n\t\t\t\t<div class=\"elementor-element elementor-element-c4cef46 exad-sticky-section-no exad-glass-effect-no elementor-widget elementor-widget-html\" data-id=\"c4cef46\" data-element_type=\"widget\" data-e-type=\"widget\" data-widget_type=\"html.default\">\n\t\t\t\t<div class=\"elementor-widget-container\">\n\t\t\t\t\t<meta name=\"keywords\" content=\"   Hewani,gestion du cloud,gestion des actifs mat\u00e9riels, SAM \">\t\t\t\t<\/div>\n\t\t\t\t<\/div>\n\t\t\t\t\t<\/div>\n\t\t\t\t<\/div>\n\t\t\t\t<\/div>\n\t\t","protected":false},"excerpt":{"rendered":"<p>Operation optimizations CE QUE NOUS FAISONS Transformez vos op\u00e9rations avec nos solutions. Nous proposons des strat\u00e9gies sur mesure pour rationaliser les processus, am\u00e9liorer l&rsquo;efficacit\u00e9 et maximiser l&rsquo;utilisation des ressources. \u00c9levez les performances de votre entreprise et restez en t\u00eate sur le march\u00e9 dynamique d&rsquo;aujourd&rsquo;hui avec Hewani et SAM. 01 Hewani Digitalisez vos processus de cha\u00eene&#8230;<\/p>","protected":false},"author":3,"featured_media":0,"parent":0,"menu_order":0,"comment_status":"closed","ping_status":"closed","template":"","meta":{"om_disable_all_campaigns":false,"_monsterinsights_skip_tracking":false,"_monsterinsights_sitenote_active":false,"_monsterinsights_sitenote_note":"","_monsterinsights_sitenote_category":0,"_uf_show_specific_survey":0,"_uf_disable_surveys":false,"footnotes":""},"class_list":["post-6577","page","type-page","status-publish","hentry"],"yoast_head":"<!-- This site is optimized with the Yoast SEO plugin v27.2 - https:\/\/yoast.com\/product\/yoast-seo-wordpress\/ -->\n<title>Operation optimizations - TransNumerik<\/title>\n<meta name=\"description\" content=\"Am\u00e9liorez vos performances op\u00e9rationnelles avec nos solutions SAM et Hewani, con\u00e7ues pour une gestion efficace et une productivit\u00e9 accrue.\" \/>\n<meta name=\"robots\" content=\"index, follow, max-snippet:-1, max-image-preview:large, max-video-preview:-1\" \/>\n<link rel=\"canonical\" href=\"https:\/\/transnumerik.com\/en\/optimisation-des-operations\/\" \/>\n<meta property=\"og:locale\" content=\"en_GB\" \/>\n<meta property=\"og:type\" content=\"article\" \/>\n<meta property=\"og:title\" content=\"Operation optimizations - TransNumerik\" \/>\n<meta property=\"og:description\" content=\"Am\u00e9liorez vos performances op\u00e9rationnelles avec nos solutions SAM et Hewani, con\u00e7ues pour une gestion efficace et une productivit\u00e9 accrue.\" \/>\n<meta property=\"og:url\" content=\"https:\/\/transnumerik.com\/en\/optimisation-des-operations\/\" \/>\n<meta property=\"og:site_name\" content=\"TransNumerik\" \/>\n<meta property=\"article:publisher\" content=\"https:\/\/www.facebook.com\/Transnumerik\" \/>\n<meta property=\"article:modified_time\" content=\"2025-05-16T10:23:58+00:00\" \/>\n<meta property=\"og:image\" content=\"https:\/\/i0.wp.com\/transnumerik.com\/wp-content\/uploads\/2025\/02\/woman-home-using-mobile-phone-interacting-with-ar-ai-assistant-scaled.jpg?fit=2560%2C1707&ssl=1\" \/>\n\t<meta property=\"og:image:width\" content=\"2560\" \/>\n\t<meta property=\"og:image:height\" content=\"1707\" \/>\n\t<meta property=\"og:image:type\" content=\"image\/jpeg\" \/>\n<meta name=\"twitter:card\" content=\"summary_large_image\" \/>\n<meta name=\"twitter:site\" content=\"@transnumerik\" \/>\n<meta name=\"twitter:label1\" content=\"Estimated reading time\" \/>\n\t<meta name=\"twitter:data1\" content=\"1 minute\" \/>\n<script type=\"application\/ld+json\" class=\"yoast-schema-graph\">{\"@context\":\"https:\/\/schema.org\",\"@graph\":[{\"@type\":\"WebPage\",\"@id\":\"https:\/\/transnumerik.com\/optimisation-des-operations\/\",\"url\":\"https:\/\/transnumerik.com\/optimisation-des-operations\/\",\"name\":\"Operation optimizations - TransNumerik\",\"isPartOf\":{\"@id\":\"https:\/\/transnumerik.com\/#website\"},\"datePublished\":\"2024-02-08T09:18:18+00:00\",\"dateModified\":\"2025-05-16T10:23:58+00:00\",\"description\":\"Am\u00e9liorez vos performances op\u00e9rationnelles avec nos solutions SAM et Hewani, con\u00e7ues pour une gestion efficace et une productivit\u00e9 accrue.\",\"breadcrumb\":{\"@id\":\"https:\/\/transnumerik.com\/optimisation-des-operations\/#breadcrumb\"},\"inLanguage\":\"en-GB\",\"potentialAction\":[{\"@type\":\"ReadAction\",\"target\":[\"https:\/\/transnumerik.com\/optimisation-des-operations\/\"]}]},{\"@type\":\"BreadcrumbList\",\"@id\":\"https:\/\/transnumerik.com\/optimisation-des-operations\/#breadcrumb\",\"itemListElement\":[{\"@type\":\"ListItem\",\"position\":1,\"name\":\"Home\",\"item\":\"https:\/\/transnumerik.com\/\"},{\"@type\":\"ListItem\",\"position\":2,\"name\":\"Operation optimizations\"}]},{\"@type\":\"WebSite\",\"@id\":\"https:\/\/transnumerik.com\/#website\",\"url\":\"https:\/\/transnumerik.com\/\",\"name\":\"Transnumerik\",\"description\":\"Ensemble, d\u00e9veloppons votre potentiel num\u00e9rique!\",\"publisher\":{\"@id\":\"https:\/\/transnumerik.com\/#organization\"},\"alternateName\":\"TNK\",\"potentialAction\":[{\"@type\":\"SearchAction\",\"target\":{\"@type\":\"EntryPoint\",\"urlTemplate\":\"https:\/\/transnumerik.com\/?s={search_term_string}\"},\"query-input\":{\"@type\":\"PropertyValueSpecification\",\"valueRequired\":true,\"valueName\":\"search_term_string\"}}],\"inLanguage\":\"en-GB\"},{\"@type\":\"Organization\",\"@id\":\"https:\/\/transnumerik.com\/#organization\",\"name\":\"Transnumerik\",\"url\":\"https:\/\/transnumerik.com\/\",\"logo\":{\"@type\":\"ImageObject\",\"inLanguage\":\"en-GB\",\"@id\":\"https:\/\/transnumerik.com\/#\/schema\/logo\/image\/\",\"url\":\"https:\/\/i0.wp.com\/transnumerik.com\/wp-content\/uploads\/2023\/11\/logo-1820x635-px.png?fit=860%2C300&ssl=1\",\"contentUrl\":\"https:\/\/i0.wp.com\/transnumerik.com\/wp-content\/uploads\/2023\/11\/logo-1820x635-px.png?fit=860%2C300&ssl=1\",\"width\":860,\"height\":300,\"caption\":\"Transnumerik\"},\"image\":{\"@id\":\"https:\/\/transnumerik.com\/#\/schema\/logo\/image\/\"},\"sameAs\":[\"https:\/\/www.facebook.com\/Transnumerik\",\"https:\/\/x.com\/transnumerik\",\"https:\/\/www.linkedin.com\/company\/transnumerik\/mycompany\/\",\"https:\/\/www.youtube.com\/channel\/UCjh9x2NMpzQe-Op2ymMSr6A\"]}]}<\/script>\n<!-- \/ Yoast SEO plugin. -->","yoast_head_json":{"title":"Operation optimizations - TransNumerik","description":"Am\u00e9liorez vos performances op\u00e9rationnelles avec nos solutions SAM et Hewani, con\u00e7ues pour une gestion efficace et une productivit\u00e9 accrue.","robots":{"index":"index","follow":"follow","max-snippet":"max-snippet:-1","max-image-preview":"max-image-preview:large","max-video-preview":"max-video-preview:-1"},"canonical":"https:\/\/transnumerik.com\/en\/optimisation-des-operations\/","og_locale":"en_GB","og_type":"article","og_title":"Operation optimizations - TransNumerik","og_description":"Am\u00e9liorez vos performances op\u00e9rationnelles avec nos solutions SAM et Hewani, con\u00e7ues pour une gestion efficace et une productivit\u00e9 accrue.","og_url":"https:\/\/transnumerik.com\/en\/optimisation-des-operations\/","og_site_name":"TransNumerik","article_publisher":"https:\/\/www.facebook.com\/Transnumerik","article_modified_time":"2025-05-16T10:23:58+00:00","og_image":[{"width":2560,"height":1707,"url":"https:\/\/i0.wp.com\/transnumerik.com\/wp-content\/uploads\/2025\/02\/woman-home-using-mobile-phone-interacting-with-ar-ai-assistant-scaled.jpg?fit=2560%2C1707&ssl=1","type":"image\/jpeg"}],"twitter_card":"summary_large_image","twitter_site":"@transnumerik","twitter_misc":{"Estimated reading time":"1 minute"},"schema":{"@context":"https:\/\/schema.org","@graph":[{"@type":"WebPage","@id":"https:\/\/transnumerik.com\/optimisation-des-operations\/","url":"https:\/\/transnumerik.com\/optimisation-des-operations\/","name":"Operation optimizations - TransNumerik","isPartOf":{"@id":"https:\/\/transnumerik.com\/#website"},"datePublished":"2024-02-08T09:18:18+00:00","dateModified":"2025-05-16T10:23:58+00:00","description":"Am\u00e9liorez vos performances op\u00e9rationnelles avec nos solutions SAM et Hewani, con\u00e7ues pour une gestion efficace et une productivit\u00e9 accrue.","breadcrumb":{"@id":"https:\/\/transnumerik.com\/optimisation-des-operations\/#breadcrumb"},"inLanguage":"en-GB","potentialAction":[{"@type":"ReadAction","target":["https:\/\/transnumerik.com\/optimisation-des-operations\/"]}]},{"@type":"BreadcrumbList","@id":"https:\/\/transnumerik.com\/optimisation-des-operations\/#breadcrumb","itemListElement":[{"@type":"ListItem","position":1,"name":"Home","item":"https:\/\/transnumerik.com\/"},{"@type":"ListItem","position":2,"name":"Operation optimizations"}]},{"@type":"WebSite","@id":"https:\/\/transnumerik.com\/#website","url":"https:\/\/transnumerik.com\/","name":"Transnumerik","description":"Together, let's unleash your digital potential!","publisher":{"@id":"https:\/\/transnumerik.com\/#organization"},"alternateName":"TNK","potentialAction":[{"@type":"SearchAction","target":{"@type":"EntryPoint","urlTemplate":"https:\/\/transnumerik.com\/?s={search_term_string}"},"query-input":{"@type":"PropertyValueSpecification","valueRequired":true,"valueName":"search_term_string"}}],"inLanguage":"en-GB"},{"@type":"Organization","@id":"https:\/\/transnumerik.com\/#organization","name":"Transnumerik","url":"https:\/\/transnumerik.com\/","logo":{"@type":"ImageObject","inLanguage":"en-GB","@id":"https:\/\/transnumerik.com\/#\/schema\/logo\/image\/","url":"https:\/\/i0.wp.com\/transnumerik.com\/wp-content\/uploads\/2023\/11\/logo-1820x635-px.png?fit=860%2C300&ssl=1","contentUrl":"https:\/\/i0.wp.com\/transnumerik.com\/wp-content\/uploads\/2023\/11\/logo-1820x635-px.png?fit=860%2C300&ssl=1","width":860,"height":300,"caption":"Transnumerik"},"image":{"@id":"https:\/\/transnumerik.com\/#\/schema\/logo\/image\/"},"sameAs":["https:\/\/www.facebook.com\/Transnumerik","https:\/\/x.com\/transnumerik","https:\/\/www.linkedin.com\/company\/transnumerik\/mycompany\/","https:\/\/www.youtube.com\/channel\/UCjh9x2NMpzQe-Op2ymMSr6A"]}]}},"featured_image_src":null,"featured_image_src_square":null,"jetpack_sharing_enabled":true,"_links":{"self":[{"href":"https:\/\/transnumerik.com\/en\/wp-json\/wp\/v2\/pages\/6577","targetHints":{"allow":["GET"]}}],"collection":[{"href":"https:\/\/transnumerik.com\/en\/wp-json\/wp\/v2\/pages"}],"about":[{"href":"https:\/\/transnumerik.com\/en\/wp-json\/wp\/v2\/types\/page"}],"author":[{"embeddable":true,"href":"https:\/\/transnumerik.com\/en\/wp-json\/wp\/v2\/users\/3"}],"replies":[{"embeddable":true,"href":"https:\/\/transnumerik.com\/en\/wp-json\/wp\/v2\/comments?post=6577"}],"version-history":[{"count":0,"href":"https:\/\/transnumerik.com\/en\/wp-json\/wp\/v2\/pages\/6577\/revisions"}],"wp:attachment":[{"href":"https:\/\/transnumerik.com\/en\/wp-json\/wp\/v2\/media?parent=6577"}],"curies":[{"name":"wp","href":"https:\/\/api.w.org\/{rel}","templated":true}]}}