{"id":6576,"date":"2024-02-08T09:13:11","date_gmt":"2024-02-08T09:13:11","guid":{"rendered":"https:\/\/devprodtnk.wpenginepowered.com\/?page_id=6576"},"modified":"2025-05-16T10:10:40","modified_gmt":"2025-05-16T10:10:40","slug":"data-analysis-and-governance","status":"publish","type":"page","link":"https:\/\/transnumerik.com\/en\/data-analysis-and-governance\/","title":{"rendered":"Data Analysis and governance"},"content":{"rendered":"\t\t<div data-elementor-type=\"wp-page\" data-elementor-id=\"6576\" class=\"elementor elementor-6576\" data-elementor-post-type=\"page\">\n\t\t\t\t<div class=\"elementor-element elementor-element-a68cb05 e-con-full n-orken-container--narrow animated-fast e-flex elementor-invisible e-con e-parent\" data-id=\"a68cb05\" data-element_type=\"container\" data-e-type=\"container\" data-settings=\"{&quot;background_background&quot;:&quot;classic&quot;,&quot;animation&quot;:&quot;h-neuron-animation--slideUp&quot;}\">\n\t\t\t\t<div class=\"elementor-element elementor-element-0022185 icon-orange exad-sticky-section-no exad-glass-effect-no elementor-widget elementor-widget-heading\" data-id=\"0022185\" data-element_type=\"widget\" data-e-type=\"widget\" data-widget_type=\"heading.default\">\n\t\t\t\t<div class=\"elementor-widget-container\">\n\t\t\t\t\t<span class=\"elementor-heading-title elementor-size-default\">ANALYSE DES DONN\u00c9ES ET GOUVERNANCE <\/span>\t\t\t\t<\/div>\n\t\t\t\t<\/div>\n\t\t\t\t<\/div>\n\t\t<div class=\"elementor-element elementor-element-a3355f8 e-con-full n-orken-container--narrow e-flex e-con e-parent\" data-id=\"a3355f8\" data-element_type=\"container\" data-e-type=\"container\">\n\t\t\t\t<div class=\"elementor-element elementor-element-4736fc3 animated-fast exad-sticky-section-no exad-glass-effect-no elementor-invisible elementor-widget elementor-widget-heading\" data-id=\"4736fc3\" data-element_type=\"widget\" data-e-type=\"widget\" data-settings=\"{&quot;_animation&quot;:&quot;h-neuron-animation--slideUp&quot;}\" data-widget_type=\"heading.default\">\n\t\t\t\t<div class=\"elementor-widget-container\">\n\t\t\t\t\t<h4 class=\"elementor-heading-title elementor-size-default\">D\u00e9couvrez la puissance des donn\u00e9es avec nos solutions d'analyse et de gouvernance des donn\u00e9es. Des analyses informatives aux cadres de gouvernance robustes, nous fournissons des outils complets pour exploiter pleinement le potentiel de vos actifs de donn\u00e9es.<\/h4>\t\t\t\t<\/div>\n\t\t\t\t<\/div>\n\t\t\t\t<\/div>\n\t\t<div class=\"elementor-element elementor-element-a8730db e-con-full e-flex e-con e-parent\" data-id=\"a8730db\" data-element_type=\"container\" data-e-type=\"container\">\n\t\t<div class=\"elementor-element elementor-element-57fb628 e-con-full animated-fast e-flex elementor-invisible e-con e-child\" data-id=\"57fb628\" data-element_type=\"container\" data-e-type=\"container\" data-settings=\"{&quot;background_background&quot;:&quot;classic&quot;,&quot;sticky&quot;:&quot;top&quot;,&quot;sticky_effects_offset&quot;:10,&quot;animation&quot;:&quot;h-neuron-animation--slideUp&quot;,&quot;sticky_on&quot;:[&quot;widescreen&quot;,&quot;desktop&quot;,&quot;laptop&quot;,&quot;tablet_extra&quot;,&quot;tablet&quot;,&quot;mobile_extra&quot;,&quot;mobile&quot;],&quot;sticky_offset&quot;:0,&quot;sticky_anchor_link_offset&quot;:0}\">\n\t\t<div class=\"elementor-element elementor-element-cfdb786 e-con-full e-flex e-con e-child\" data-id=\"cfdb786\" data-element_type=\"container\" data-e-type=\"container\" data-settings=\"{&quot;background_background&quot;:&quot;classic&quot;}\">\n\t\t\t\t<\/div>\n\t\t<div class=\"elementor-element elementor-element-238b157 e-con-full e-flex e-con e-child\" data-id=\"238b157\" data-element_type=\"container\" data-e-type=\"container\">\n\t\t\t\t<div class=\"elementor-element elementor-element-58e3df6 exad-sticky-section-no exad-glass-effect-no elementor-widget elementor-widget-heading\" data-id=\"58e3df6\" data-element_type=\"widget\" data-e-type=\"widget\" data-widget_type=\"heading.default\">\n\t\t\t\t<div class=\"elementor-widget-container\">\n\t\t\t\t\t<h2 class=\"elementor-heading-title elementor-size-default\">01<\/h2>\t\t\t\t<\/div>\n\t\t\t\t<\/div>\n\t\t\t\t<div class=\"elementor-element elementor-element-2f4764a exad-sticky-section-no exad-glass-effect-no elementor-widget elementor-widget-heading\" data-id=\"2f4764a\" data-element_type=\"widget\" data-e-type=\"widget\" data-widget_type=\"heading.default\">\n\t\t\t\t<div class=\"elementor-widget-container\">\n\t\t\t\t\t<h4 class=\"elementor-heading-title elementor-size-default\">Microsoft Purview <\/h4>\t\t\t\t<\/div>\n\t\t\t\t<\/div>\n\t\t\t\t<div class=\"elementor-element elementor-element-81707de exad-sticky-section-no exad-glass-effect-no elementor-widget elementor-widget-text-editor\" data-id=\"81707de\" data-element_type=\"widget\" data-e-type=\"widget\" data-widget_type=\"text-editor.default\">\n\t\t\t\t<div class=\"elementor-widget-container\">\n\t\t\t\t\t\t\t\t\t<p><span class=\"TextRun Highlight SCXW266650690 BCX8\" lang=\"FR-CI\" xml:lang=\"FR-CI\" data-contrast=\"none\"><span class=\"NormalTextRun SCXW266650690 BCX8\">Lib\u00e9rez la puissance des donn\u00e9es avec Microsoft Purview. D\u00e9couvrez comment Purview donne \u00e0 votre organisation les moyens d&rsquo;exploiter pleinement le potentiel de vos actifs de donn\u00e9es.<\/span><\/span><\/p>\t\t\t\t\t\t\t\t<\/div>\n\t\t\t\t<\/div>\n\t\t\t\t<div class=\"elementor-element elementor-element-fec270a exad-sticky-section-no exad-glass-effect-no elementor-widget elementor-widget-button\" data-id=\"fec270a\" data-element_type=\"widget\" data-e-type=\"widget\" data-widget_type=\"button.default\">\n\t\t\t\t<div class=\"elementor-widget-container\">\n\t\t\t\t\t\t\t\t\t<div class=\"elementor-button-wrapper\">\n\t\t\t\t\t<a class=\"elementor-button elementor-button-link elementor-size-sm\" href=\"https:\/\/app.popt.in\/APIRequest\/click\/66d5bc8bab8c8\">\n\t\t\t\t\t\t<span class=\"elementor-button-content-wrapper\">\n\t\t\t\t\t\t<span class=\"elementor-button-icon\">\n\t\t\t\t\t\t\t<\/span>\n\t\t\t\t\t\t\t\t\t<span class=\"elementor-button-text\">Je veux une demo<\/span>\n\t\t\t\t\t<\/span>\n\t\t\t\t\t<\/a>\n\t\t\t\t<\/div>\n\t\t\t\t\t\t\t\t<\/div>\n\t\t\t\t<\/div>\n\t\t\t\t<\/div>\n\t\t\t\t<\/div>\n\t\t<div class=\"elementor-element elementor-element-e8e3d52 e-con-full animated-fast e-flex elementor-invisible e-con e-child\" data-id=\"e8e3d52\" data-element_type=\"container\" data-e-type=\"container\" data-settings=\"{&quot;background_background&quot;:&quot;classic&quot;,&quot;sticky&quot;:&quot;top&quot;,&quot;sticky_effects_offset&quot;:10,&quot;animation&quot;:&quot;h-neuron-animation--slideUp&quot;,&quot;sticky_on&quot;:[&quot;widescreen&quot;,&quot;desktop&quot;,&quot;laptop&quot;,&quot;tablet_extra&quot;,&quot;tablet&quot;,&quot;mobile_extra&quot;,&quot;mobile&quot;],&quot;sticky_offset&quot;:0,&quot;sticky_anchor_link_offset&quot;:0}\">\n\t\t<div class=\"elementor-element elementor-element-0f0d243 e-con-full e-flex e-con e-child\" data-id=\"0f0d243\" data-element_type=\"container\" data-e-type=\"container\" data-settings=\"{&quot;background_background&quot;:&quot;classic&quot;}\">\n\t\t\t\t<\/div>\n\t\t<div class=\"elementor-element elementor-element-5630f16 e-con-full e-flex e-con e-child\" data-id=\"5630f16\" data-element_type=\"container\" data-e-type=\"container\">\n\t\t\t\t<div class=\"elementor-element elementor-element-7ef5684 exad-sticky-section-no exad-glass-effect-no elementor-widget elementor-widget-heading\" data-id=\"7ef5684\" data-element_type=\"widget\" data-e-type=\"widget\" data-widget_type=\"heading.default\">\n\t\t\t\t<div class=\"elementor-widget-container\">\n\t\t\t\t\t<h2 class=\"elementor-heading-title elementor-size-default\">02<\/h2>\t\t\t\t<\/div>\n\t\t\t\t<\/div>\n\t\t\t\t<div class=\"elementor-element elementor-element-2131561 exad-sticky-section-no exad-glass-effect-no elementor-widget elementor-widget-heading\" data-id=\"2131561\" data-element_type=\"widget\" data-e-type=\"widget\" data-widget_type=\"heading.default\">\n\t\t\t\t<div class=\"elementor-widget-container\">\n\t\t\t\t\t<h4 class=\"elementor-heading-title elementor-size-default\">Power BI <\/h4>\t\t\t\t<\/div>\n\t\t\t\t<\/div>\n\t\t\t\t<div class=\"elementor-element elementor-element-49ba1c2 exad-sticky-section-no exad-glass-effect-no elementor-widget elementor-widget-text-editor\" data-id=\"49ba1c2\" data-element_type=\"widget\" data-e-type=\"widget\" data-widget_type=\"text-editor.default\">\n\t\t\t\t<div class=\"elementor-widget-container\">\n\t\t\t\t\t\t\t\t\t<p><span class=\"TextRun Highlight SCXW112226903 BCX8\" lang=\"FR-CI\" xml:lang=\"FR-CI\" data-contrast=\"none\"><span class=\"NormalTextRun SCXW112226903 BCX8\">Transformez vos donn\u00e9es en insights exploitables avec Power BI. Visualisez, analysez et partagez facilement des rapports et des tableaux de bord dynamiques. Donnez \u00e0 votre organisation les moyens de prendre des d\u00e9cisions bas\u00e9es sur les donn\u00e9es et de favoriser le succ\u00e8s commercial avec Power BI, l&rsquo;outil d&rsquo;analyse commerciale leader de Microsoft.<\/span><\/span><\/p>\t\t\t\t\t\t\t\t<\/div>\n\t\t\t\t<\/div>\n\t\t\t\t<div class=\"elementor-element elementor-element-ea9ab10 exad-sticky-section-no exad-glass-effect-no elementor-widget elementor-widget-button\" data-id=\"ea9ab10\" data-element_type=\"widget\" data-e-type=\"widget\" data-widget_type=\"button.default\">\n\t\t\t\t<div class=\"elementor-widget-container\">\n\t\t\t\t\t\t\t\t\t<div class=\"elementor-button-wrapper\">\n\t\t\t\t\t<a class=\"elementor-button elementor-button-link elementor-size-sm\" href=\"https:\/\/app.popt.in\/APIRequest\/click\/66d5bc8bab8c8\">\n\t\t\t\t\t\t<span class=\"elementor-button-content-wrapper\">\n\t\t\t\t\t\t<span class=\"elementor-button-icon\">\n\t\t\t\t\t\t\t<\/span>\n\t\t\t\t\t\t\t\t\t<span class=\"elementor-button-text\">Discutons<\/span>\n\t\t\t\t\t<\/span>\n\t\t\t\t\t<\/a>\n\t\t\t\t<\/div>\n\t\t\t\t\t\t\t\t<\/div>\n\t\t\t\t<\/div>\n\t\t\t\t<\/div>\n\t\t\t\t<\/div>\n\t\t\t\t<\/div>\n\t\t<div class=\"elementor-element elementor-element-5d6c02f n-orken-container--wide e-flex e-con-boxed e-con e-parent\" data-id=\"5d6c02f\" data-element_type=\"container\" data-e-type=\"container\" data-settings=\"{&quot;background_background&quot;:&quot;classic&quot;}\">\n\t\t\t\t\t<div class=\"e-con-inner\">\n\t\t<div class=\"elementor-element elementor-element-b019b97 e-con-full e-flex e-con e-child\" data-id=\"b019b97\" data-element_type=\"container\" data-e-type=\"container\">\n\t\t\t\t<div class=\"elementor-element elementor-element-ecea300 exad-sticky-section-no exad-glass-effect-no elementor-widget elementor-widget-heading\" data-id=\"ecea300\" data-element_type=\"widget\" data-e-type=\"widget\" data-widget_type=\"heading.default\">\n\t\t\t\t<div class=\"elementor-widget-container\">\n\t\t\t\t\t<h3 class=\"elementor-heading-title elementor-size-default\">Atteignez votre plein potentiel<span> avec nos experts <\/span><\/h3>\t\t\t\t<\/div>\n\t\t\t\t<\/div>\n\t\t\t\t<div class=\"elementor-element elementor-element-055934b exad-sticky-section-no exad-glass-effect-no elementor-widget elementor-widget-button\" data-id=\"055934b\" data-element_type=\"widget\" data-e-type=\"widget\" data-widget_type=\"button.default\">\n\t\t\t\t<div class=\"elementor-widget-container\">\n\t\t\t\t\t\t\t\t\t<div class=\"elementor-button-wrapper\">\n\t\t\t\t\t<a class=\"elementor-button elementor-button-link elementor-size-sm\" href=\"https:\/\/transnumerik.com\/contact\/\">\n\t\t\t\t\t\t<span class=\"elementor-button-content-wrapper\">\n\t\t\t\t\t\t<span class=\"elementor-button-icon\">\n\t\t\t\t\t\t\t<\/span>\n\t\t\t\t\t\t\t\t\t<span class=\"elementor-button-text\">Contactez-nous<\/span>\n\t\t\t\t\t<\/span>\n\t\t\t\t\t<\/a>\n\t\t\t\t<\/div>\n\t\t\t\t\t\t\t\t<\/div>\n\t\t\t\t<\/div>\n\t\t\t\t<\/div>\n\t\t<div class=\"elementor-element elementor-element-caf3a24 e-con-full e-flex e-con e-child\" data-id=\"caf3a24\" data-element_type=\"container\" data-e-type=\"container\" data-settings=\"{&quot;background_background&quot;:&quot;classic&quot;}\">\n\t\t\t\t<\/div>\n\t\t\t\t\t<\/div>\n\t\t\t\t<\/div>\n\t\t<div class=\"elementor-element elementor-element-de10a30 e-flex e-con-boxed e-con e-parent\" data-id=\"de10a30\" data-element_type=\"container\" data-e-type=\"container\" data-settings=\"{&quot;background_background&quot;:&quot;classic&quot;}\">\n\t\t\t\t\t<div class=\"e-con-inner\">\n\t\t\t\t<div class=\"elementor-element elementor-element-8f87057 exad-sticky-section-no exad-glass-effect-no elementor-widget elementor-widget-html\" data-id=\"8f87057\" data-element_type=\"widget\" data-e-type=\"widget\" data-widget_type=\"html.default\">\n\t\t\t\t<div class=\"elementor-widget-container\">\n\t\t\t\t\t<meta name=\"keywords\" content=\"   Analyse des donn\u00e9es et gouvernance, microsoft Purview, Power BI,infrastructures num\u00e9riques,solution Microsoft \">\t\t\t\t<\/div>\n\t\t\t\t<\/div>\n\t\t\t\t\t<\/div>\n\t\t\t\t<\/div>\n\t\t\t\t<\/div>\n\t\t","protected":false},"excerpt":{"rendered":"<p>ANALYSE DES DONN\u00c9ES ET GOUVERNANCE D\u00e9couvrez la puissance des donn\u00e9es avec nos solutions d&rsquo;analyse et de gouvernance des donn\u00e9es. Des analyses informatives aux cadres de gouvernance robustes, nous fournissons des outils complets pour exploiter pleinement le potentiel de vos actifs de donn\u00e9es. 01 Microsoft Purview Lib\u00e9rez la puissance des donn\u00e9es avec Microsoft Purview. D\u00e9couvrez comment&#8230;<\/p>","protected":false},"author":3,"featured_media":0,"parent":0,"menu_order":0,"comment_status":"closed","ping_status":"closed","template":"","meta":{"om_disable_all_campaigns":false,"_monsterinsights_skip_tracking":false,"_monsterinsights_sitenote_active":false,"_monsterinsights_sitenote_note":"","_monsterinsights_sitenote_category":0,"_uf_show_specific_survey":0,"_uf_disable_surveys":false,"footnotes":""},"class_list":["post-6576","page","type-page","status-publish","hentry"],"yoast_head":"<!-- This site is optimized with the Yoast SEO plugin v27.2 - https:\/\/yoast.com\/product\/yoast-seo-wordpress\/ -->\n<title>Data Analysis and governance - TransNumerik<\/title>\n<meta name=\"description\" content=\"Optimisez la gestion de vos donn\u00e9es gr\u00e2ce \u00e0 Microsoft Purview et Power BI, pour une gouvernance efficace et des analyses d\u00e9cisionnelles pertinentes.\" \/>\n<meta name=\"robots\" content=\"index, follow, max-snippet:-1, max-image-preview:large, max-video-preview:-1\" \/>\n<link rel=\"canonical\" href=\"https:\/\/transnumerik.com\/en\/data-analysis-and-governance\/\" \/>\n<meta property=\"og:locale\" content=\"en_GB\" \/>\n<meta property=\"og:type\" content=\"article\" \/>\n<meta property=\"og:title\" content=\"Data Analysis and governance - TransNumerik\" \/>\n<meta property=\"og:description\" content=\"Optimisez la gestion de vos donn\u00e9es gr\u00e2ce \u00e0 Microsoft Purview et Power BI, pour une gouvernance efficace et des analyses d\u00e9cisionnelles pertinentes.\" \/>\n<meta property=\"og:url\" content=\"https:\/\/transnumerik.com\/en\/data-analysis-and-governance\/\" \/>\n<meta property=\"og:site_name\" content=\"TransNumerik\" \/>\n<meta property=\"article:publisher\" content=\"https:\/\/www.facebook.com\/Transnumerik\" \/>\n<meta property=\"article:modified_time\" content=\"2025-05-16T10:10:40+00:00\" \/>\n<meta property=\"og:image\" content=\"https:\/\/i0.wp.com\/transnumerik.com\/wp-content\/uploads\/2025\/02\/woman-home-using-mobile-phone-interacting-with-ar-ai-assistant-scaled.jpg?fit=2560%2C1707&ssl=1\" \/>\n\t<meta property=\"og:image:width\" content=\"2560\" \/>\n\t<meta property=\"og:image:height\" content=\"1707\" \/>\n\t<meta property=\"og:image:type\" content=\"image\/jpeg\" \/>\n<meta name=\"twitter:card\" content=\"summary_large_image\" \/>\n<meta name=\"twitter:site\" content=\"@transnumerik\" \/>\n<meta name=\"twitter:label1\" content=\"Estimated reading time\" \/>\n\t<meta name=\"twitter:data1\" content=\"2 minutes\" \/>\n<script type=\"application\/ld+json\" class=\"yoast-schema-graph\">{\"@context\":\"https:\/\/schema.org\",\"@graph\":[{\"@type\":\"WebPage\",\"@id\":\"https:\/\/transnumerik.com\/data-analysis-and-governance\/\",\"url\":\"https:\/\/transnumerik.com\/data-analysis-and-governance\/\",\"name\":\"Data Analysis and governance - TransNumerik\",\"isPartOf\":{\"@id\":\"https:\/\/transnumerik.com\/#website\"},\"datePublished\":\"2024-02-08T09:13:11+00:00\",\"dateModified\":\"2025-05-16T10:10:40+00:00\",\"description\":\"Optimisez la gestion de vos donn\u00e9es gr\u00e2ce \u00e0 Microsoft Purview et Power BI, pour une gouvernance efficace et des analyses d\u00e9cisionnelles pertinentes.\",\"breadcrumb\":{\"@id\":\"https:\/\/transnumerik.com\/data-analysis-and-governance\/#breadcrumb\"},\"inLanguage\":\"en-GB\",\"potentialAction\":[{\"@type\":\"ReadAction\",\"target\":[\"https:\/\/transnumerik.com\/data-analysis-and-governance\/\"]}]},{\"@type\":\"BreadcrumbList\",\"@id\":\"https:\/\/transnumerik.com\/data-analysis-and-governance\/#breadcrumb\",\"itemListElement\":[{\"@type\":\"ListItem\",\"position\":1,\"name\":\"Home\",\"item\":\"https:\/\/transnumerik.com\/\"},{\"@type\":\"ListItem\",\"position\":2,\"name\":\"Data Analysis and governance\"}]},{\"@type\":\"WebSite\",\"@id\":\"https:\/\/transnumerik.com\/#website\",\"url\":\"https:\/\/transnumerik.com\/\",\"name\":\"Transnumerik\",\"description\":\"Ensemble, d\u00e9veloppons votre potentiel num\u00e9rique!\",\"publisher\":{\"@id\":\"https:\/\/transnumerik.com\/#organization\"},\"alternateName\":\"TNK\",\"potentialAction\":[{\"@type\":\"SearchAction\",\"target\":{\"@type\":\"EntryPoint\",\"urlTemplate\":\"https:\/\/transnumerik.com\/?s={search_term_string}\"},\"query-input\":{\"@type\":\"PropertyValueSpecification\",\"valueRequired\":true,\"valueName\":\"search_term_string\"}}],\"inLanguage\":\"en-GB\"},{\"@type\":\"Organization\",\"@id\":\"https:\/\/transnumerik.com\/#organization\",\"name\":\"Transnumerik\",\"url\":\"https:\/\/transnumerik.com\/\",\"logo\":{\"@type\":\"ImageObject\",\"inLanguage\":\"en-GB\",\"@id\":\"https:\/\/transnumerik.com\/#\/schema\/logo\/image\/\",\"url\":\"https:\/\/i0.wp.com\/transnumerik.com\/wp-content\/uploads\/2023\/11\/logo-1820x635-px.png?fit=860%2C300&ssl=1\",\"contentUrl\":\"https:\/\/i0.wp.com\/transnumerik.com\/wp-content\/uploads\/2023\/11\/logo-1820x635-px.png?fit=860%2C300&ssl=1\",\"width\":860,\"height\":300,\"caption\":\"Transnumerik\"},\"image\":{\"@id\":\"https:\/\/transnumerik.com\/#\/schema\/logo\/image\/\"},\"sameAs\":[\"https:\/\/www.facebook.com\/Transnumerik\",\"https:\/\/x.com\/transnumerik\",\"https:\/\/www.linkedin.com\/company\/transnumerik\/mycompany\/\",\"https:\/\/www.youtube.com\/channel\/UCjh9x2NMpzQe-Op2ymMSr6A\"]}]}<\/script>\n<!-- \/ Yoast SEO plugin. -->","yoast_head_json":{"title":"Data Analysis and governance - TransNumerik","description":"Optimisez la gestion de vos donn\u00e9es gr\u00e2ce \u00e0 Microsoft Purview et Power BI, pour une gouvernance efficace et des analyses d\u00e9cisionnelles pertinentes.","robots":{"index":"index","follow":"follow","max-snippet":"max-snippet:-1","max-image-preview":"max-image-preview:large","max-video-preview":"max-video-preview:-1"},"canonical":"https:\/\/transnumerik.com\/en\/data-analysis-and-governance\/","og_locale":"en_GB","og_type":"article","og_title":"Data Analysis and governance - TransNumerik","og_description":"Optimisez la gestion de vos donn\u00e9es gr\u00e2ce \u00e0 Microsoft Purview et Power BI, pour une gouvernance efficace et des analyses d\u00e9cisionnelles pertinentes.","og_url":"https:\/\/transnumerik.com\/en\/data-analysis-and-governance\/","og_site_name":"TransNumerik","article_publisher":"https:\/\/www.facebook.com\/Transnumerik","article_modified_time":"2025-05-16T10:10:40+00:00","og_image":[{"width":2560,"height":1707,"url":"https:\/\/i0.wp.com\/transnumerik.com\/wp-content\/uploads\/2025\/02\/woman-home-using-mobile-phone-interacting-with-ar-ai-assistant-scaled.jpg?fit=2560%2C1707&ssl=1","type":"image\/jpeg"}],"twitter_card":"summary_large_image","twitter_site":"@transnumerik","twitter_misc":{"Estimated reading time":"2 minutes"},"schema":{"@context":"https:\/\/schema.org","@graph":[{"@type":"WebPage","@id":"https:\/\/transnumerik.com\/data-analysis-and-governance\/","url":"https:\/\/transnumerik.com\/data-analysis-and-governance\/","name":"Data Analysis and governance - TransNumerik","isPartOf":{"@id":"https:\/\/transnumerik.com\/#website"},"datePublished":"2024-02-08T09:13:11+00:00","dateModified":"2025-05-16T10:10:40+00:00","description":"Optimisez la gestion de vos donn\u00e9es gr\u00e2ce \u00e0 Microsoft Purview et Power BI, pour une gouvernance efficace et des analyses d\u00e9cisionnelles pertinentes.","breadcrumb":{"@id":"https:\/\/transnumerik.com\/data-analysis-and-governance\/#breadcrumb"},"inLanguage":"en-GB","potentialAction":[{"@type":"ReadAction","target":["https:\/\/transnumerik.com\/data-analysis-and-governance\/"]}]},{"@type":"BreadcrumbList","@id":"https:\/\/transnumerik.com\/data-analysis-and-governance\/#breadcrumb","itemListElement":[{"@type":"ListItem","position":1,"name":"Home","item":"https:\/\/transnumerik.com\/"},{"@type":"ListItem","position":2,"name":"Data Analysis and governance"}]},{"@type":"WebSite","@id":"https:\/\/transnumerik.com\/#website","url":"https:\/\/transnumerik.com\/","name":"Transnumerik","description":"Together, let's unleash your digital potential!","publisher":{"@id":"https:\/\/transnumerik.com\/#organization"},"alternateName":"TNK","potentialAction":[{"@type":"SearchAction","target":{"@type":"EntryPoint","urlTemplate":"https:\/\/transnumerik.com\/?s={search_term_string}"},"query-input":{"@type":"PropertyValueSpecification","valueRequired":true,"valueName":"search_term_string"}}],"inLanguage":"en-GB"},{"@type":"Organization","@id":"https:\/\/transnumerik.com\/#organization","name":"Transnumerik","url":"https:\/\/transnumerik.com\/","logo":{"@type":"ImageObject","inLanguage":"en-GB","@id":"https:\/\/transnumerik.com\/#\/schema\/logo\/image\/","url":"https:\/\/i0.wp.com\/transnumerik.com\/wp-content\/uploads\/2023\/11\/logo-1820x635-px.png?fit=860%2C300&ssl=1","contentUrl":"https:\/\/i0.wp.com\/transnumerik.com\/wp-content\/uploads\/2023\/11\/logo-1820x635-px.png?fit=860%2C300&ssl=1","width":860,"height":300,"caption":"Transnumerik"},"image":{"@id":"https:\/\/transnumerik.com\/#\/schema\/logo\/image\/"},"sameAs":["https:\/\/www.facebook.com\/Transnumerik","https:\/\/x.com\/transnumerik","https:\/\/www.linkedin.com\/company\/transnumerik\/mycompany\/","https:\/\/www.youtube.com\/channel\/UCjh9x2NMpzQe-Op2ymMSr6A"]}]}},"featured_image_src":null,"featured_image_src_square":null,"jetpack_sharing_enabled":true,"_links":{"self":[{"href":"https:\/\/transnumerik.com\/en\/wp-json\/wp\/v2\/pages\/6576","targetHints":{"allow":["GET"]}}],"collection":[{"href":"https:\/\/transnumerik.com\/en\/wp-json\/wp\/v2\/pages"}],"about":[{"href":"https:\/\/transnumerik.com\/en\/wp-json\/wp\/v2\/types\/page"}],"author":[{"embeddable":true,"href":"https:\/\/transnumerik.com\/en\/wp-json\/wp\/v2\/users\/3"}],"replies":[{"embeddable":true,"href":"https:\/\/transnumerik.com\/en\/wp-json\/wp\/v2\/comments?post=6576"}],"version-history":[{"count":0,"href":"https:\/\/transnumerik.com\/en\/wp-json\/wp\/v2\/pages\/6576\/revisions"}],"wp:attachment":[{"href":"https:\/\/transnumerik.com\/en\/wp-json\/wp\/v2\/media?parent=6576"}],"curies":[{"name":"wp","href":"https:\/\/api.w.org\/{rel}","templated":true}]}}